{"id":972,"date":"2020-10-30T11:31:12","date_gmt":"2020-10-30T09:31:12","guid":{"rendered":"https:\/\/mihkelsaar.ee\/?post_type=product&#038;p=972"},"modified":"2023-02-16T10:53:07","modified_gmt":"2023-02-16T08:53:07","slug":"panicum-virgatum-squaw","status":"publish","type":"product","link":"https:\/\/mihkelsaar.ee\/fi\/pood\/korrelised\/panicum\/panicum-virgatum-squaw\/","title":{"rendered":"Panicum virgatum &#039;Squaw&#039;"},"content":{"rendered":"","protected":false},"excerpt":{"rendered":"<p>\u2019Squaw\u2019 on leve\u00e4- ja matalakasvuinen, lehtien k\u00e4rjet ovat purppuranpunaisia. Ilmavat kukinnot ilmestyv\u00e4t my\u00f6h\u00e4\u00e4n ja ovat my\u00f6s purppuranpunaisia. L\u00e4mm\u00f6st\u00e4 pit\u00e4v\u00e4 koristehein\u00e4, joka nousee kev\u00e4\u00e4ll\u00e4 maaper\u00e4st\u00e4 vasta, kun vuorokautinen l\u00e4mp\u00f6tila on kes\u00e4isen l\u00e4mmin. Sopii aurinkoinen kasvupaikka ja hyvin vett\u00e4 l\u00e4p\u00e4isev\u00e4 viljava maaper\u00e4. Sopii perennapenkkeihin yksitt\u00e4in tai ryhm\u00e4ss\u00e4, k\u00e4ytet\u00e4\u00e4n my\u00f6s pensasaitana ja puutarharuukuissa.<\/p>","protected":false},"featured_media":973,"template":"","meta":[],"product_brand":[],"product_cat":[21,157],"product_tag":[23,143,144],"class_list":{"0":"post-972","1":"product","2":"type-product","3":"status-publish","4":"has-post-thumbnail","6":"product_cat-korrelised","7":"product_cat-panicum","8":"product_tag-korrelised","9":"product_tag-panicum","10":"product_tag-vitshirss","11":"pa_korgus-80-100cm","13":"first","14":"instock","15":"shipping-taxable","16":"product-type-simple"},"_links":{"self":[{"href":"https:\/\/mihkelsaar.ee\/fi\/wp-json\/wp\/v2\/product\/972","targetHints":{"allow":["GET"]}}],"collection":[{"href":"https:\/\/mihkelsaar.ee\/fi\/wp-json\/wp\/v2\/product"}],"about":[{"href":"https:\/\/mihkelsaar.ee\/fi\/wp-json\/wp\/v2\/types\/product"}],"wp:featuredmedia":[{"embeddable":true,"href":"https:\/\/mihkelsaar.ee\/fi\/wp-json\/wp\/v2\/media\/973"}],"wp:attachment":[{"href":"https:\/\/mihkelsaar.ee\/fi\/wp-json\/wp\/v2\/media?parent=972"}],"wp:term":[{"taxonomy":"product_brand","embeddable":true,"href":"https:\/\/mihkelsaar.ee\/fi\/wp-json\/wp\/v2\/product_brand?post=972"},{"taxonomy":"product_cat","embeddable":true,"href":"https:\/\/mihkelsaar.ee\/fi\/wp-json\/wp\/v2\/product_cat?post=972"},{"taxonomy":"product_tag","embeddable":true,"href":"https:\/\/mihkelsaar.ee\/fi\/wp-json\/wp\/v2\/product_tag?post=972"}],"curies":[{"name":"wp","href":"https:\/\/api.w.org\/{rel}","templated":true}]}}