{"id":830,"date":"2020-10-27T14:45:14","date_gmt":"2020-10-27T12:45:14","guid":{"rendered":"https:\/\/mihkelsaar.ee\/?post_type=product&#038;p=830"},"modified":"2022-10-31T14:01:42","modified_gmt":"2022-10-31T12:01:42","slug":"uus-antiikroos-soul","status":"publish","type":"product","link":"https:\/\/mihkelsaar.ee\/fi\/pood\/roosid\/suureoielised-roosid\/uus-antiikroos-soul\/","title":{"rendered":"Isokukkainen nostalgiaruusu 'Soul'\u00ae"},"content":{"rendered":"","protected":false},"excerpt":{"rendered":"<section class=\"open\">Rehev\u00e4t kerrotut kukat eritt\u00e4in kauniilla syv\u00e4ll\u00e4 purppuranpunaisella s\u00e4vyll\u00e4. Avoimen kukan leveys on 8\u201310 cm, tuoksu miellytt\u00e4v\u00e4. Kukkii koko kauden ajan. Pensas on korkeakasvuinen ja voimakas, lehdet kiilt\u00e4v\u00e4t ja tummanvihre\u00e4t. K\u00e4ytet\u00e4\u00e4n ruusu- ja perennapenkeiss\u00e4 takariviss\u00e4, yksitt\u00e4in tai ryhmiss\u00e4, erinomainen leikkokukka. Eritt\u00e4in kest\u00e4v\u00e4, palkittu lajike.\u00a0<\/section>\n<section>V\u00e4ga vastupidav, auhinnatud sort.<\/section>","protected":false},"featured_media":831,"template":"","meta":[],"product_brand":[],"product_cat":[18,72],"product_tag":[19,49],"class_list":{"0":"post-830","1":"product","2":"type-product","3":"status-publish","4":"has-post-thumbnail","6":"product_cat-roosid","7":"product_cat-suureoielised-roosid","8":"product_tag-roosid","9":"product_tag-uus-antiikroosid","10":"pa_korgus-100-120cm","12":"first","13":"instock","14":"shipping-taxable","15":"product-type-simple"},"_links":{"self":[{"href":"https:\/\/mihkelsaar.ee\/fi\/wp-json\/wp\/v2\/product\/830","targetHints":{"allow":["GET"]}}],"collection":[{"href":"https:\/\/mihkelsaar.ee\/fi\/wp-json\/wp\/v2\/product"}],"about":[{"href":"https:\/\/mihkelsaar.ee\/fi\/wp-json\/wp\/v2\/types\/product"}],"wp:featuredmedia":[{"embeddable":true,"href":"https:\/\/mihkelsaar.ee\/fi\/wp-json\/wp\/v2\/media\/831"}],"wp:attachment":[{"href":"https:\/\/mihkelsaar.ee\/fi\/wp-json\/wp\/v2\/media?parent=830"}],"wp:term":[{"taxonomy":"product_brand","embeddable":true,"href":"https:\/\/mihkelsaar.ee\/fi\/wp-json\/wp\/v2\/product_brand?post=830"},{"taxonomy":"product_cat","embeddable":true,"href":"https:\/\/mihkelsaar.ee\/fi\/wp-json\/wp\/v2\/product_cat?post=830"},{"taxonomy":"product_tag","embeddable":true,"href":"https:\/\/mihkelsaar.ee\/fi\/wp-json\/wp\/v2\/product_tag?post=830"}],"curies":[{"name":"wp","href":"https:\/\/api.w.org\/{rel}","templated":true}]}}