{"id":5284,"date":"2024-11-27T15:38:23","date_gmt":"2024-11-27T13:38:23","guid":{"rendered":"https:\/\/mihkelsaar.ee\/?post_type=product&#038;p=5284"},"modified":"2026-03-10T14:10:33","modified_gmt":"2026-03-10T12:10:33","slug":"salvia-nemorosa-caradonna-compact","status":"publish","type":"product","link":"https:\/\/mihkelsaar.ee\/fi\/pood\/pusililled\/salvia\/salvia-nemorosa-caradonna-compact\/","title":{"rendered":"Salvia nemorosa &#8216;Caradonna Compact&#8217;"},"content":{"rendered":"","protected":false},"excerpt":{"rendered":"<p>Tuntud, k\u00f5rge populaarse metssalvei sordi &#8216;Caradonna&#8217; madalam variant. Kompaktne ja madal salvei sort. Tumelillade \u00f5isikutega. \u00d5itsemine on kauakestev ja rikkalik. L\u00f5ika peale esimest \u00f5itsemist \u00f5ied tagasi, et kutsuda esile teine \u00f5itsemine. V\u00e4hen\u00f5udlik ja v\u00e4ga vastupidav taim, kuid kasvab paremini p\u00e4ikesepaistelises kohas ja keskmise viljakusega parasniiskel hea drenaa\u017eiga mullal. Sobib kasutamiseks \u00fcksikult v\u00f5i gruppidena p\u00fcsilille- v\u00f5i roosipeenras, madala heki v\u00f5i piirdena ja aiavaasides.<\/p>","protected":false},"featured_media":5298,"template":"","meta":[],"product_brand":[],"product_cat":[20,186],"product_tag":[188,187,729],"class_list":{"0":"post-5284","1":"product","2":"type-product","3":"status-publish","4":"has-post-thumbnail","6":"product_cat-pusililled","7":"product_cat-salvia","8":"product_tag-metssalvei","9":"product_tag-salvia","10":"product_tag-suvine-oitseja","11":"pa_korgus-30-40cm","13":"first","14":"instock","15":"shipping-taxable","16":"product-type-simple"},"_links":{"self":[{"href":"https:\/\/mihkelsaar.ee\/fi\/wp-json\/wp\/v2\/product\/5284","targetHints":{"allow":["GET"]}}],"collection":[{"href":"https:\/\/mihkelsaar.ee\/fi\/wp-json\/wp\/v2\/product"}],"about":[{"href":"https:\/\/mihkelsaar.ee\/fi\/wp-json\/wp\/v2\/types\/product"}],"wp:featuredmedia":[{"embeddable":true,"href":"https:\/\/mihkelsaar.ee\/fi\/wp-json\/wp\/v2\/media\/5298"}],"wp:attachment":[{"href":"https:\/\/mihkelsaar.ee\/fi\/wp-json\/wp\/v2\/media?parent=5284"}],"wp:term":[{"taxonomy":"product_brand","embeddable":true,"href":"https:\/\/mihkelsaar.ee\/fi\/wp-json\/wp\/v2\/product_brand?post=5284"},{"taxonomy":"product_cat","embeddable":true,"href":"https:\/\/mihkelsaar.ee\/fi\/wp-json\/wp\/v2\/product_cat?post=5284"},{"taxonomy":"product_tag","embeddable":true,"href":"https:\/\/mihkelsaar.ee\/fi\/wp-json\/wp\/v2\/product_tag?post=5284"}],"curies":[{"name":"wp","href":"https:\/\/api.w.org\/{rel}","templated":true}]}}