{"id":4229,"date":"2022-11-04T14:16:07","date_gmt":"2022-11-04T12:16:07","guid":{"rendered":"https:\/\/mihkelsaar.ee\/?post_type=product&#038;p=4229"},"modified":"2025-02-03T14:38:09","modified_gmt":"2025-02-03T12:38:09","slug":"veronicastrum-virginicum-erika","status":"publish","type":"product","link":"https:\/\/mihkelsaar.ee\/fi\/pood\/pusililled\/veronicastrum-virginicum-erika\/","title":{"rendered":"Veronicastrum virginicum &#039;Erika&#039;"},"content":{"rendered":"","protected":false},"excerpt":{"rendered":"<p>Korkeakasvuinen perenna, joka pitkill\u00e4 vaaleanpunaisilla kukinnoillaan antaa penkille hyv\u00e4n rakenteen. Kev\u00e4\u00e4ll\u00e4 uudet nousevat versot ovat burgundinpunaisia, kes\u00e4ll\u00e4 lehdet ovat keskitumman- tai tummanvihreit\u00e4. Lajiin verrattuna kukinnot ovat pidempi\u00e4, tupas tihe\u00e4mpi ja kompaktimpi. Kasvupaikaksi sopii aurinkoinen tai puolivarjoisa paikka ja tavallinen tai viljavampi kohtalaisen kostea puutarhamulta. Hyvi\u00e4 naapureita ovat mukulapaloyrtti, prinsessankakkara, koristehein\u00e4t, v\u00e4riminttu, ukontatar, punalatva ym.<\/p>","protected":false},"featured_media":4257,"template":"","meta":[],"product_brand":[],"product_cat":[20],"product_tag":[24,686],"class_list":{"0":"post-4229","1":"product","2":"type-product","3":"status-publish","4":"has-post-thumbnail","6":"product_cat-pusililled","7":"product_tag-pusililled","8":"product_tag-virgiinia-mannasmailane","9":"pa_korgus-90-100cm","11":"first","12":"instock","13":"shipping-taxable","14":"product-type-simple"},"_links":{"self":[{"href":"https:\/\/mihkelsaar.ee\/fi\/wp-json\/wp\/v2\/product\/4229","targetHints":{"allow":["GET"]}}],"collection":[{"href":"https:\/\/mihkelsaar.ee\/fi\/wp-json\/wp\/v2\/product"}],"about":[{"href":"https:\/\/mihkelsaar.ee\/fi\/wp-json\/wp\/v2\/types\/product"}],"wp:featuredmedia":[{"embeddable":true,"href":"https:\/\/mihkelsaar.ee\/fi\/wp-json\/wp\/v2\/media\/4257"}],"wp:attachment":[{"href":"https:\/\/mihkelsaar.ee\/fi\/wp-json\/wp\/v2\/media?parent=4229"}],"wp:term":[{"taxonomy":"product_brand","embeddable":true,"href":"https:\/\/mihkelsaar.ee\/fi\/wp-json\/wp\/v2\/product_brand?post=4229"},{"taxonomy":"product_cat","embeddable":true,"href":"https:\/\/mihkelsaar.ee\/fi\/wp-json\/wp\/v2\/product_cat?post=4229"},{"taxonomy":"product_tag","embeddable":true,"href":"https:\/\/mihkelsaar.ee\/fi\/wp-json\/wp\/v2\/product_tag?post=4229"}],"curies":[{"name":"wp","href":"https:\/\/api.w.org\/{rel}","templated":true}]}}