{"id":4138,"date":"2022-11-01T14:06:57","date_gmt":"2022-11-01T12:06:57","guid":{"rendered":"https:\/\/mihkelsaar.ee\/?post_type=product&#038;p=4138"},"modified":"2024-02-16T12:58:22","modified_gmt":"2024-02-16T10:58:22","slug":"panicum-virgatum-rotstrahlbusch","status":"publish","type":"product","link":"https:\/\/mihkelsaar.ee\/fi\/pood\/korrelised\/panicum\/panicum-virgatum-rotstrahlbusch\/","title":{"rendered":"Panicum virgatum &#039;Rotstrahlbusch&#039;"},"content":{"rendered":"","protected":false},"excerpt":{"rendered":"<p>Levitt\u00e4v\u00e4 ja matalakasvuinen violeteilla lehtien k\u00e4rjill\u00e4. Ilmavat kukinnot ilmestyv\u00e4t my\u00f6h\u00e4\u00e4n ja ovat my\u00f6s v\u00e4rilt\u00e4\u00e4n purppuraisia. L\u00e4mp\u00f6\u00e4 rakastava ruoho, se alkaa kasvaa kev\u00e4\u00e4ll\u00e4 vasta kun p\u00e4iv\u00e4l\u00e4mp\u00f6tila on kes\u00e4ll\u00e4 l\u00e4mmin. Suosii aurinkoista paikkaa ja hedelm\u00e4llist\u00e4 maaper\u00e4\u00e4, jolla on eritt\u00e4in hyv\u00e4 vedenl\u00e4p\u00e4isevyys. Soveltuu pysyv\u00e4\u00e4n kukkapenkkiin yksitt\u00e4in tai ryhm\u00e4ss\u00e4, k\u00e4ytet\u00e4\u00e4n my\u00f6s aidana tai pensasaitona sek\u00e4 ilmamaljakoissa.<\/p>","protected":false},"featured_media":973,"template":"","meta":[],"product_brand":[],"product_cat":[21,157],"product_tag":[23,143,144],"class_list":{"0":"post-4138","1":"product","2":"type-product","3":"status-publish","4":"has-post-thumbnail","6":"product_cat-korrelised","7":"product_cat-panicum","8":"product_tag-korrelised","9":"product_tag-panicum","10":"product_tag-vitshirss","11":"pa_korgus-80-100cm","13":"first","14":"instock","15":"shipping-taxable","16":"product-type-simple"},"_links":{"self":[{"href":"https:\/\/mihkelsaar.ee\/fi\/wp-json\/wp\/v2\/product\/4138","targetHints":{"allow":["GET"]}}],"collection":[{"href":"https:\/\/mihkelsaar.ee\/fi\/wp-json\/wp\/v2\/product"}],"about":[{"href":"https:\/\/mihkelsaar.ee\/fi\/wp-json\/wp\/v2\/types\/product"}],"wp:featuredmedia":[{"embeddable":true,"href":"https:\/\/mihkelsaar.ee\/fi\/wp-json\/wp\/v2\/media\/973"}],"wp:attachment":[{"href":"https:\/\/mihkelsaar.ee\/fi\/wp-json\/wp\/v2\/media?parent=4138"}],"wp:term":[{"taxonomy":"product_brand","embeddable":true,"href":"https:\/\/mihkelsaar.ee\/fi\/wp-json\/wp\/v2\/product_brand?post=4138"},{"taxonomy":"product_cat","embeddable":true,"href":"https:\/\/mihkelsaar.ee\/fi\/wp-json\/wp\/v2\/product_cat?post=4138"},{"taxonomy":"product_tag","embeddable":true,"href":"https:\/\/mihkelsaar.ee\/fi\/wp-json\/wp\/v2\/product_tag?post=4138"}],"curies":[{"name":"wp","href":"https:\/\/api.w.org\/{rel}","templated":true}]}}