{"id":3884,"date":"2022-02-04T14:20:42","date_gmt":"2022-02-04T12:20:42","guid":{"rendered":"https:\/\/mihkelsaar.ee\/?post_type=product&#038;p=3884"},"modified":"2024-02-09T14:43:21","modified_gmt":"2024-02-09T12:43:21","slug":"sedum-spurium-tricolor","status":"publish","type":"product","link":"https:\/\/mihkelsaar.ee\/fi\/pood\/pusililled\/sedum\/sedum-madalad-kukeharjad\/sedum-spurium-tricolor\/","title":{"rendered":"Sedum spurium &#039;Tricolor&#039;"},"content":{"rendered":"","protected":false},"excerpt":{"rendered":"<p>Nopeakasvuinen matala maanpeittokasvi. Lehdet ovat vihre\u00e4n ja valkoisen kirjavat, reunoista hieman vaaleanpunaiset. Kukat ovat vaaleanpunaisia. Viihtyy aurinkoisessa kasvupaikassa, kuivemmassa ja laihemmassa maaper\u00e4ss\u00e4. P\u00e4rj\u00e4\u00e4 my\u00f6s hieman varjossa. Ajoittain voi alkaa kasvaa \u201cp\u00e4\u00e4lajiin palanneita\u201d versoja, jotka ovat t\u00e4ysin vihreit\u00e4. T\u00e4llaiset versot on leikattava pois lajikkeen puhtauden s\u00e4ilytt\u00e4miseksi. K\u00e4ytet\u00e4\u00e4n kivikkoistutuksissa, reunuskasvina, kivimuureilla, hiekkaisilla alueilla, viherkatoilla ja puutarharuukuissa.<\/p>","protected":false},"featured_media":3891,"template":"","meta":[],"product_brand":[],"product_cat":[20,393,395],"product_tag":[396,24,397],"class_list":{"0":"post-3884","1":"product","2":"type-product","3":"status-publish","4":"has-post-thumbnail","6":"product_cat-pusililled","7":"product_cat-sedum","8":"product_cat-sedum-madalad-kukeharjad","9":"product_tag-kukehari","10":"product_tag-pusililled","11":"product_tag-sedum","12":"pa_korgus-10-20cm","14":"first","15":"instock","16":"shipping-taxable","17":"product-type-simple"},"_links":{"self":[{"href":"https:\/\/mihkelsaar.ee\/fi\/wp-json\/wp\/v2\/product\/3884","targetHints":{"allow":["GET"]}}],"collection":[{"href":"https:\/\/mihkelsaar.ee\/fi\/wp-json\/wp\/v2\/product"}],"about":[{"href":"https:\/\/mihkelsaar.ee\/fi\/wp-json\/wp\/v2\/types\/product"}],"wp:featuredmedia":[{"embeddable":true,"href":"https:\/\/mihkelsaar.ee\/fi\/wp-json\/wp\/v2\/media\/3891"}],"wp:attachment":[{"href":"https:\/\/mihkelsaar.ee\/fi\/wp-json\/wp\/v2\/media?parent=3884"}],"wp:term":[{"taxonomy":"product_brand","embeddable":true,"href":"https:\/\/mihkelsaar.ee\/fi\/wp-json\/wp\/v2\/product_brand?post=3884"},{"taxonomy":"product_cat","embeddable":true,"href":"https:\/\/mihkelsaar.ee\/fi\/wp-json\/wp\/v2\/product_cat?post=3884"},{"taxonomy":"product_tag","embeddable":true,"href":"https:\/\/mihkelsaar.ee\/fi\/wp-json\/wp\/v2\/product_tag?post=3884"}],"curies":[{"name":"wp","href":"https:\/\/api.w.org\/{rel}","templated":true}]}}