{"id":3854,"date":"2022-02-03T13:30:58","date_gmt":"2022-02-03T11:30:58","guid":{"rendered":"https:\/\/mihkelsaar.ee\/?post_type=product&#038;p=3854"},"modified":"2024-02-14T16:42:11","modified_gmt":"2024-02-14T14:42:11","slug":"hosta-silk-road","status":"publish","type":"product","link":"https:\/\/mihkelsaar.ee\/fi\/pood\/pusililled\/hosta\/hosta-silk-road\/","title":{"rendered":"Hosta 'Silk Road'"},"content":{"rendered":"","protected":false},"excerpt":{"rendered":"<p>\u2019Silk Kimono' -lajikkeesta saatu mutaatio. Vihre\u00e4t syd\u00e4menmuotoiset lehdet leve\u00e4ll\u00e4 kermankeltaisella reunalla. Reunan v\u00e4ri haalistuu kes\u00e4n mittaan vaaleammaksi. Tuppaalla on avoin kasvumuoto. Kuunliljat ovat kylm\u00e4nkest\u00e4vi\u00e4, pitk\u00e4ik\u00e4isi\u00e4 ja sopeutumiskykyisi\u00e4 kasveja. Kasvit saavuttavat lopullisen kokonsa 2\u20133 vuodessa. Kuunliljat kasvavat mieluummin puolivarjossa tai varjossa, runsasravinteisessa ja hyvin vett\u00e4 l\u00e4p\u00e4isev\u00e4ss\u00e4 maassa. Lannoitusta tarvitsee vain laihemmassa maassa. Vaarana my\u00f6h\u00e4iset kev\u00e4thallat. K\u00e4ytet\u00e4\u00e4n perennapenkeiss\u00e4, puutarharuukuissa, yksitellen tai ryhmin\u00e4, maanpeittokasvina, reunuskasvina ja isojen puiden varjossa.<\/p>","protected":false},"featured_media":4037,"template":"","meta":[],"product_brand":[],"product_cat":[342,20],"product_tag":[542,343,24,344],"class_list":{"0":"post-3854","1":"product","2":"type-product","3":"status-publish","4":"has-post-thumbnail","6":"product_cat-hosta","7":"product_cat-pusililled","8":"product_tag-aiavaasid","9":"product_tag-hosta","10":"product_tag-pusililled","11":"product_tag-varjutaim","12":"pa_korgus-30-50cm","14":"first","15":"instock","16":"shipping-taxable","17":"product-type-simple"},"_links":{"self":[{"href":"https:\/\/mihkelsaar.ee\/fi\/wp-json\/wp\/v2\/product\/3854","targetHints":{"allow":["GET"]}}],"collection":[{"href":"https:\/\/mihkelsaar.ee\/fi\/wp-json\/wp\/v2\/product"}],"about":[{"href":"https:\/\/mihkelsaar.ee\/fi\/wp-json\/wp\/v2\/types\/product"}],"wp:featuredmedia":[{"embeddable":true,"href":"https:\/\/mihkelsaar.ee\/fi\/wp-json\/wp\/v2\/media\/4037"}],"wp:attachment":[{"href":"https:\/\/mihkelsaar.ee\/fi\/wp-json\/wp\/v2\/media?parent=3854"}],"wp:term":[{"taxonomy":"product_brand","embeddable":true,"href":"https:\/\/mihkelsaar.ee\/fi\/wp-json\/wp\/v2\/product_brand?post=3854"},{"taxonomy":"product_cat","embeddable":true,"href":"https:\/\/mihkelsaar.ee\/fi\/wp-json\/wp\/v2\/product_cat?post=3854"},{"taxonomy":"product_tag","embeddable":true,"href":"https:\/\/mihkelsaar.ee\/fi\/wp-json\/wp\/v2\/product_tag?post=3854"}],"curies":[{"name":"wp","href":"https:\/\/api.w.org\/{rel}","templated":true}]}}