{"id":3824,"date":"2022-02-02T14:45:07","date_gmt":"2022-02-02T12:45:07","guid":{"rendered":"https:\/\/mihkelsaar.ee\/?post_type=product&#038;p=3824"},"modified":"2022-02-23T12:04:32","modified_gmt":"2022-02-23T10:04:32","slug":"aquilegia-red-hobbit","status":"publish","type":"product","link":"https:\/\/mihkelsaar.ee\/fi\/pood\/pusililled\/aquilegia\/aquilegia-red-hobbit\/","title":{"rendered":"Aquilegia 'Red Hobbit'"},"content":{"rendered":"","protected":false},"excerpt":{"rendered":"<p>\u2019Red Hobbit\u2019 on aika samann\u00e4k\u00f6inen kuin \u2019Crimson Star\u2019, mutta huomattavan pienempi ja kompaktimpi. Kirkkaanpunaiset kukat valkoisella syd\u00e4mell\u00e4. Sinert\u00e4v\u00e4n vihre\u00e4 ilmava lehdist\u00f6, kukinnan j\u00e4lkeen kasvin voi leikata alas maahan. Kasvaa mieluummin puolivarjossa, mutta p\u00e4rj\u00e4\u00e4 my\u00f6s t\u00e4ydess\u00e4 auringossa, jos kosteutta on riitt\u00e4v\u00e4sti. Maaper\u00e4n tulee olla hyvin vett\u00e4 l\u00e4p\u00e4isev\u00e4. Ei ole vaativa maaper\u00e4n hedelm\u00e4llisyyden suhteen, mutta viihtyy paremmin runsasmultaisessa ja humuspitoisessa maassa. Sopii hyvin kivikkoistutuksiin, luonnonpuutarhoihin, perennapenkin reunuskasviksi sek\u00e4 puutarharuukkuihin.<\/p>","protected":false},"featured_media":4005,"template":"","meta":[],"product_brand":[],"product_cat":[260,20],"product_tag":[261,262,24],"class_list":{"0":"post-3824","1":"product","2":"type-product","3":"status-publish","4":"has-post-thumbnail","6":"product_cat-aquilegia","7":"product_cat-pusililled","8":"product_tag-aquilegia","9":"product_tag-kurekell","10":"product_tag-pusililled","11":"pa_korgus-25-30cm","13":"first","14":"instock","15":"shipping-taxable","16":"product-type-simple"},"_links":{"self":[{"href":"https:\/\/mihkelsaar.ee\/fi\/wp-json\/wp\/v2\/product\/3824","targetHints":{"allow":["GET"]}}],"collection":[{"href":"https:\/\/mihkelsaar.ee\/fi\/wp-json\/wp\/v2\/product"}],"about":[{"href":"https:\/\/mihkelsaar.ee\/fi\/wp-json\/wp\/v2\/types\/product"}],"wp:featuredmedia":[{"embeddable":true,"href":"https:\/\/mihkelsaar.ee\/fi\/wp-json\/wp\/v2\/media\/4005"}],"wp:attachment":[{"href":"https:\/\/mihkelsaar.ee\/fi\/wp-json\/wp\/v2\/media?parent=3824"}],"wp:term":[{"taxonomy":"product_brand","embeddable":true,"href":"https:\/\/mihkelsaar.ee\/fi\/wp-json\/wp\/v2\/product_brand?post=3824"},{"taxonomy":"product_cat","embeddable":true,"href":"https:\/\/mihkelsaar.ee\/fi\/wp-json\/wp\/v2\/product_cat?post=3824"},{"taxonomy":"product_tag","embeddable":true,"href":"https:\/\/mihkelsaar.ee\/fi\/wp-json\/wp\/v2\/product_tag?post=3824"}],"curies":[{"name":"wp","href":"https:\/\/api.w.org\/{rel}","templated":true}]}}