{"id":377,"date":"2020-10-16T14:33:06","date_gmt":"2020-10-16T11:33:06","guid":{"rendered":"https:\/\/mihkelsaar.ee\/?post_type=product&#038;p=377"},"modified":"2022-11-01T14:39:09","modified_gmt":"2022-11-01T12:39:09","slug":"vaarisroos-fiji","status":"publish","type":"product","link":"https:\/\/mihkelsaar.ee\/fi\/pood\/roosid\/vaarisroosid\/vaarisroos-fiji\/","title":{"rendered":"Isokukkainen teehybridi-ruusu 'Fiji'\u00ae"},"content":{"rendered":"","protected":false},"excerpt":{"rendered":"<p>\u2018Fiji\u2019 on per\u00e4isin \u2018Holiday Island\u2019\u00ae -sarjasta, jonka pensaat ovat kasvultaan matalampia ja kompakteja. Suuret ja tihe\u00e4t kermaiset kukat muuttuvat vanhetessa vaaleanpunaisiksi, luoden huomattavan kauniin vaaleanpunaisen \u201ckukkavaahdon\u201d. Kukilla on herkk\u00e4 miellytt\u00e4v\u00e4 tuoksu. Sopii kasvatettavaksi soolokasvina tai ryhmin\u00e4. Matalan ja kompaktin kasvunsa ansiosta soveltuu eritt\u00e4in hyvin puutarharuukkuihin.<\/p>","protected":false},"featured_media":309,"template":"","meta":[],"product_brand":[],"product_cat":[18,70],"product_tag":[19,40],"class_list":{"0":"post-377","1":"product","2":"type-product","3":"status-publish","4":"has-post-thumbnail","6":"product_cat-roosid","7":"product_cat-vaarisroosid","8":"product_tag-roosid","9":"product_tag-vaarisroosid","10":"pa_korgus-60-80cm","12":"first","13":"instock","14":"shipping-taxable","15":"product-type-simple"},"_links":{"self":[{"href":"https:\/\/mihkelsaar.ee\/fi\/wp-json\/wp\/v2\/product\/377","targetHints":{"allow":["GET"]}}],"collection":[{"href":"https:\/\/mihkelsaar.ee\/fi\/wp-json\/wp\/v2\/product"}],"about":[{"href":"https:\/\/mihkelsaar.ee\/fi\/wp-json\/wp\/v2\/types\/product"}],"wp:featuredmedia":[{"embeddable":true,"href":"https:\/\/mihkelsaar.ee\/fi\/wp-json\/wp\/v2\/media\/309"}],"wp:attachment":[{"href":"https:\/\/mihkelsaar.ee\/fi\/wp-json\/wp\/v2\/media?parent=377"}],"wp:term":[{"taxonomy":"product_brand","embeddable":true,"href":"https:\/\/mihkelsaar.ee\/fi\/wp-json\/wp\/v2\/product_brand?post=377"},{"taxonomy":"product_cat","embeddable":true,"href":"https:\/\/mihkelsaar.ee\/fi\/wp-json\/wp\/v2\/product_cat?post=377"},{"taxonomy":"product_tag","embeddable":true,"href":"https:\/\/mihkelsaar.ee\/fi\/wp-json\/wp\/v2\/product_tag?post=377"}],"curies":[{"name":"wp","href":"https:\/\/api.w.org\/{rel}","templated":true}]}}