{"id":375,"date":"2020-10-16T14:20:11","date_gmt":"2020-10-16T11:20:11","guid":{"rendered":"https:\/\/mihkelsaar.ee\/?post_type=product&#038;p=375"},"modified":"2022-11-01T14:38:55","modified_gmt":"2022-11-01T12:38:55","slug":"vaarisroos-dominica","status":"publish","type":"product","link":"https:\/\/mihkelsaar.ee\/fi\/pood\/roosid\/vaarisroosid\/vaarisroos-dominica\/","title":{"rendered":"Isokukkainen teehybridi-ruusu 'Dominica'\u00ae"},"content":{"rendered":"","protected":false},"excerpt":{"rendered":"<p>Suuret kirkkaanpunaiset kerrotut kukat omaava lajike on per\u00e4isin \u2018Holiday Island\u2019\u00ae -sarjasta, jonka pensaat ovat kasvultaan matalampia ja kompakteja. Kukat ovat klassista ruusun muotoa ja tuoksuvat miellytt\u00e4v\u00e4sti. Kukkii koko kauden ajan. K\u00e4ytet\u00e4\u00e4n penkeiss\u00e4 soolokasvina tai ryhmin\u00e4. Matalan ja kompaktin kasvunsa ansiosta lajike soveltuu eritt\u00e4in hyvin puutarharuukkuihin.<\/p>","protected":false},"featured_media":308,"template":"","meta":[],"product_brand":[],"product_cat":[18,70],"product_tag":[19,40],"class_list":{"0":"post-375","1":"product","2":"type-product","3":"status-publish","4":"has-post-thumbnail","6":"product_cat-roosid","7":"product_cat-vaarisroosid","8":"product_tag-roosid","9":"product_tag-vaarisroosid","10":"pa_korgus-60-80cm","12":"first","13":"instock","14":"shipping-taxable","15":"product-type-simple"},"_links":{"self":[{"href":"https:\/\/mihkelsaar.ee\/fi\/wp-json\/wp\/v2\/product\/375","targetHints":{"allow":["GET"]}}],"collection":[{"href":"https:\/\/mihkelsaar.ee\/fi\/wp-json\/wp\/v2\/product"}],"about":[{"href":"https:\/\/mihkelsaar.ee\/fi\/wp-json\/wp\/v2\/types\/product"}],"wp:featuredmedia":[{"embeddable":true,"href":"https:\/\/mihkelsaar.ee\/fi\/wp-json\/wp\/v2\/media\/308"}],"wp:attachment":[{"href":"https:\/\/mihkelsaar.ee\/fi\/wp-json\/wp\/v2\/media?parent=375"}],"wp:term":[{"taxonomy":"product_brand","embeddable":true,"href":"https:\/\/mihkelsaar.ee\/fi\/wp-json\/wp\/v2\/product_brand?post=375"},{"taxonomy":"product_cat","embeddable":true,"href":"https:\/\/mihkelsaar.ee\/fi\/wp-json\/wp\/v2\/product_cat?post=375"},{"taxonomy":"product_tag","embeddable":true,"href":"https:\/\/mihkelsaar.ee\/fi\/wp-json\/wp\/v2\/product_tag?post=375"}],"curies":[{"name":"wp","href":"https:\/\/api.w.org\/{rel}","templated":true}]}}