{"id":220,"date":"2020-10-15T15:06:42","date_gmt":"2020-10-15T12:06:42","guid":{"rendered":"https:\/\/mihkelsaar.ee\/?post_type=product&#038;p=220"},"modified":"2022-02-02T11:50:23","modified_gmt":"2022-02-02T09:50:23","slug":"digiplexis-berry-canaryc35d","status":"publish","type":"product","link":"https:\/\/mihkelsaar.ee\/fi\/pood\/hooajalised-pusililled\/digiplexis-berry-canaryc35d\/","title":{"rendered":"Digiplexis &#039;Berry Canary&#039;\u00ae"},"content":{"rendered":"","protected":false},"excerpt":{"rendered":"<p class=\"translation-block\">Digiplexis on sormustinkukan ja liekkipensasvaltikan (Isoplexis canariensis) hybridi. Latinalaiselle Digiplexis-nimelle ei ole viel\u00e4 virallista suomenkielist\u00e4 vastinetta. \u2019Berry Canary\u2019 -lajikkeen kellonmuotoiset kukat ovat vaaleanpunaisia, sis\u00e4lt\u00e4 persikanv\u00e4risi\u00e4. Lehdet ovat tummanvihreit\u00e4 ja kiilt\u00e4vi\u00e4. Eritt\u00e4in kauniin muotoinen kasvi, joka kasvattaa koko kasvukauden ajan uusia kukkavarsia. Eritt\u00e4in sopiva kasvi terassille tai parvekkeelle puutarharuukkuihin tai penkkien reunuskasviksi. Kasvatetaan yksivuotisena kasvina. Viihtyy kohtalaisen viljavassa kosteahkossa hyvin vett\u00e4 l\u00e4p\u00e4isev\u00e4ss\u00e4 maaper\u00e4ss\u00e4. Kasvupaikka aurinkoinen tai puolivarjoisa. Kuihtuneiden kukkien poisto pident\u00e4\u00e4 kukinta-aikaa. Mehil\u00e4isten ja perhosten suosikki.<\/p>","protected":false},"featured_media":2120,"template":"","meta":[],"product_brand":[],"product_cat":[27],"product_tag":[542,522,30,521],"class_list":{"0":"post-220","1":"product","2":"type-product","3":"status-publish","4":"has-post-thumbnail","6":"product_cat-hooajalised-pusililled","7":"product_tag-aiavaasid","8":"product_tag-digiplexis","9":"product_tag-hooajalised","10":"product_tag-rodu-ja-terrassitaimed","11":"pa_korgus-40-60cm","13":"first","14":"instock","15":"shipping-taxable","16":"product-type-simple"},"_links":{"self":[{"href":"https:\/\/mihkelsaar.ee\/fi\/wp-json\/wp\/v2\/product\/220","targetHints":{"allow":["GET"]}}],"collection":[{"href":"https:\/\/mihkelsaar.ee\/fi\/wp-json\/wp\/v2\/product"}],"about":[{"href":"https:\/\/mihkelsaar.ee\/fi\/wp-json\/wp\/v2\/types\/product"}],"wp:featuredmedia":[{"embeddable":true,"href":"https:\/\/mihkelsaar.ee\/fi\/wp-json\/wp\/v2\/media\/2120"}],"wp:attachment":[{"href":"https:\/\/mihkelsaar.ee\/fi\/wp-json\/wp\/v2\/media?parent=220"}],"wp:term":[{"taxonomy":"product_brand","embeddable":true,"href":"https:\/\/mihkelsaar.ee\/fi\/wp-json\/wp\/v2\/product_brand?post=220"},{"taxonomy":"product_cat","embeddable":true,"href":"https:\/\/mihkelsaar.ee\/fi\/wp-json\/wp\/v2\/product_cat?post=220"},{"taxonomy":"product_tag","embeddable":true,"href":"https:\/\/mihkelsaar.ee\/fi\/wp-json\/wp\/v2\/product_tag?post=220"}],"curies":[{"name":"wp","href":"https:\/\/api.w.org\/{rel}","templated":true}]}}