{"id":1988,"date":"2020-11-20T11:19:01","date_gmt":"2020-11-20T09:19:01","guid":{"rendered":"https:\/\/mihkelsaar.ee\/?post_type=product&#038;p=1988"},"modified":"2022-11-04T11:02:59","modified_gmt":"2022-11-04T09:02:59","slug":"scabiosa-columbaria-flutter-deep-blue","status":"publish","type":"product","link":"https:\/\/mihkelsaar.ee\/fi\/pood\/pusililled\/scabiosa\/scabiosa-columbaria-flutter-deep-blue\/","title":{"rendered":"Scabiosa columbaria &#039;Flutter Deep Blue&#039;\u00ae"},"content":{"rendered":"","protected":false},"excerpt":{"rendered":"<p>Yksi pisimp\u00e4\u00e4n kukkivista perennoista. Kukat ovat hieman suurempia ja tummemman sinisi\u00e4 kuin 'Butterfly Blue' -lajikkeella. Kasvi on matala ja muodoltaan kompakti, lehdet harmahtavan vihreit\u00e4. Sopii kohtalaisen viljava puutarhamaa, lannoituksen kanssa ei kannata liioitella. Kasvupaikan tulisi olla aurinkoinen tai hieman varjoisa. Maaper\u00e4n tulee olla hyvin vett\u00e4 l\u00e4p\u00e4isev\u00e4. Kuihtuneiden kukkien poisto pident\u00e4\u00e4 kukinta-aikaa. Syksyll\u00e4 kaikki kukkavarret tulisi leikata, jotta kasvi voisi valmistautua talvehtimaan. K\u00e4ytet\u00e4\u00e4n luonnonpuutarhassa, ryhmin\u00e4 perennapenkeiss\u00e4, reunuskasvina, puutarharuukuissa. Hyv\u00e4 leikkokukka, mehil\u00e4isten ja perhosten suosikki.<\/p>","protected":false},"featured_media":1989,"template":"","meta":[],"product_brand":[],"product_cat":[20,451],"product_tag":[24,452,453],"class_list":{"0":"post-1988","1":"product","2":"type-product","3":"status-publish","4":"has-post-thumbnail","6":"product_cat-pusililled","7":"product_cat-scabiosa","8":"product_tag-pusililled","9":"product_tag-scabiosa","10":"product_tag-tahtpea","11":"pa_korgus-30-40cm","13":"first","14":"instock","15":"shipping-taxable","16":"product-type-simple"},"_links":{"self":[{"href":"https:\/\/mihkelsaar.ee\/fi\/wp-json\/wp\/v2\/product\/1988","targetHints":{"allow":["GET"]}}],"collection":[{"href":"https:\/\/mihkelsaar.ee\/fi\/wp-json\/wp\/v2\/product"}],"about":[{"href":"https:\/\/mihkelsaar.ee\/fi\/wp-json\/wp\/v2\/types\/product"}],"wp:featuredmedia":[{"embeddable":true,"href":"https:\/\/mihkelsaar.ee\/fi\/wp-json\/wp\/v2\/media\/1989"}],"wp:attachment":[{"href":"https:\/\/mihkelsaar.ee\/fi\/wp-json\/wp\/v2\/media?parent=1988"}],"wp:term":[{"taxonomy":"product_brand","embeddable":true,"href":"https:\/\/mihkelsaar.ee\/fi\/wp-json\/wp\/v2\/product_brand?post=1988"},{"taxonomy":"product_cat","embeddable":true,"href":"https:\/\/mihkelsaar.ee\/fi\/wp-json\/wp\/v2\/product_cat?post=1988"},{"taxonomy":"product_tag","embeddable":true,"href":"https:\/\/mihkelsaar.ee\/fi\/wp-json\/wp\/v2\/product_tag?post=1988"}],"curies":[{"name":"wp","href":"https:\/\/api.w.org\/{rel}","templated":true}]}}