{"id":1968,"date":"2020-11-20T09:12:52","date_gmt":"2020-11-20T07:12:52","guid":{"rendered":"https:\/\/mihkelsaar.ee\/?post_type=product&#038;p=1968"},"modified":"2024-02-15T09:46:55","modified_gmt":"2024-02-15T07:46:55","slug":"origanum-gentle-breeze","status":"publish","type":"product","link":"https:\/\/mihkelsaar.ee\/fi\/pood\/pusililled\/origanum\/origanum-gentle-breeze\/","title":{"rendered":"Origanum 'Gentle Breeze'\u00ae"},"content":{"rendered":"","protected":false},"excerpt":{"rendered":"<p>Tunnetusta yrtist\u00e4 jalostettu lajike, joka ulkon\u00e4\u00f6lt\u00e4\u00e4n on l\u00e4hes yht\u00e4 kaunis kuin muut perennat. Violetinvaaleanpunaiset kukat ja tummanvihre\u00e4t lehdet ovat tuoksuvia. Pystykasvuinen kasvi levi\u00e4\u00e4 maanalaisten versojen kautta. Helppohoitoinen ja kest\u00e4v\u00e4, parhaiten kasvaa aurinkoisessa paikassa, suhteellisen viljavassa ja kohtalaisen kosteassa maaper\u00e4ss\u00e4. Sopii hyvin luonnonpuutarhaan, perennapenkkiin, vihannespuutarhaan ja puutarharuukkuun.<\/p>","protected":false},"featured_media":1967,"template":"","meta":[],"product_brand":[],"product_cat":[437,20],"product_tag":[440,438,439,24],"class_list":{"0":"post-1968","1":"product","2":"type-product","3":"status-publish","4":"has-post-thumbnail","6":"product_cat-origanum","7":"product_cat-pusililled","8":"product_tag-maitsetaim","9":"product_tag-origanum","10":"product_tag-pune","11":"product_tag-pusililled","12":"pa_korgus-30-40cm","14":"first","15":"instock","16":"shipping-taxable","17":"product-type-simple"},"_links":{"self":[{"href":"https:\/\/mihkelsaar.ee\/fi\/wp-json\/wp\/v2\/product\/1968","targetHints":{"allow":["GET"]}}],"collection":[{"href":"https:\/\/mihkelsaar.ee\/fi\/wp-json\/wp\/v2\/product"}],"about":[{"href":"https:\/\/mihkelsaar.ee\/fi\/wp-json\/wp\/v2\/types\/product"}],"wp:featuredmedia":[{"embeddable":true,"href":"https:\/\/mihkelsaar.ee\/fi\/wp-json\/wp\/v2\/media\/1967"}],"wp:attachment":[{"href":"https:\/\/mihkelsaar.ee\/fi\/wp-json\/wp\/v2\/media?parent=1968"}],"wp:term":[{"taxonomy":"product_brand","embeddable":true,"href":"https:\/\/mihkelsaar.ee\/fi\/wp-json\/wp\/v2\/product_brand?post=1968"},{"taxonomy":"product_cat","embeddable":true,"href":"https:\/\/mihkelsaar.ee\/fi\/wp-json\/wp\/v2\/product_cat?post=1968"},{"taxonomy":"product_tag","embeddable":true,"href":"https:\/\/mihkelsaar.ee\/fi\/wp-json\/wp\/v2\/product_tag?post=1968"}],"curies":[{"name":"wp","href":"https:\/\/api.w.org\/{rel}","templated":true}]}}