{"id":1891,"date":"2020-11-18T14:50:13","date_gmt":"2020-11-18T12:50:13","guid":{"rendered":"https:\/\/mihkelsaar.ee\/?post_type=product&#038;p=1891"},"modified":"2024-02-09T14:37:56","modified_gmt":"2024-02-09T12:37:56","slug":"sedum-spathulifolium-cape-blanco","status":"publish","type":"product","link":"https:\/\/mihkelsaar.ee\/fi\/pood\/pusililled\/sedum\/sedum-madalad-kukeharjad\/sedum-spathulifolium-cape-blanco\/","title":{"rendered":"Sedum spathulifolium &#039;Cape Blanco&#039;"},"content":{"rendered":"","protected":false},"excerpt":{"rendered":"<p>Harmahtavan vihre\u00e4t vahap\u00e4\u00e4llysteiset lehdet ja keltaiset kukinnot. Lehdet kiertyv\u00e4t verson k\u00e4rjess\u00e4 ruusukkeiksi, muodostaen mielenkiintoisen n\u00e4k\u00f6isen tuppaan. Viihtyy aurinkoisessa kasvupaikassa, kuivemmassa ja laihemmassa maaper\u00e4ss\u00e4. Ei sied\u00e4 liiallista kosteutta eik\u00e4 varjoa. K\u00e4ytet\u00e4\u00e4n kivikkoistutuksissa, reunuskasvina, kivimuureilla, hiekkaisilla alueilla, viherkatoilla ja puutarharuukuissa.<\/p>","protected":false},"featured_media":1892,"template":"","meta":[],"product_brand":[],"product_cat":[20,393,395],"product_tag":[396,24,397],"class_list":{"0":"post-1891","1":"product","2":"type-product","3":"status-publish","4":"has-post-thumbnail","6":"product_cat-pusililled","7":"product_cat-sedum","8":"product_cat-sedum-madalad-kukeharjad","9":"product_tag-kukehari","10":"product_tag-pusililled","11":"product_tag-sedum","12":"pa_korgus-10cm","14":"first","15":"instock","16":"shipping-taxable","17":"product-type-simple"},"_links":{"self":[{"href":"https:\/\/mihkelsaar.ee\/fi\/wp-json\/wp\/v2\/product\/1891","targetHints":{"allow":["GET"]}}],"collection":[{"href":"https:\/\/mihkelsaar.ee\/fi\/wp-json\/wp\/v2\/product"}],"about":[{"href":"https:\/\/mihkelsaar.ee\/fi\/wp-json\/wp\/v2\/types\/product"}],"wp:featuredmedia":[{"embeddable":true,"href":"https:\/\/mihkelsaar.ee\/fi\/wp-json\/wp\/v2\/media\/1892"}],"wp:attachment":[{"href":"https:\/\/mihkelsaar.ee\/fi\/wp-json\/wp\/v2\/media?parent=1891"}],"wp:term":[{"taxonomy":"product_brand","embeddable":true,"href":"https:\/\/mihkelsaar.ee\/fi\/wp-json\/wp\/v2\/product_brand?post=1891"},{"taxonomy":"product_cat","embeddable":true,"href":"https:\/\/mihkelsaar.ee\/fi\/wp-json\/wp\/v2\/product_cat?post=1891"},{"taxonomy":"product_tag","embeddable":true,"href":"https:\/\/mihkelsaar.ee\/fi\/wp-json\/wp\/v2\/product_tag?post=1891"}],"curies":[{"name":"wp","href":"https:\/\/api.w.org\/{rel}","templated":true}]}}