{"id":1817,"date":"2020-11-17T17:50:32","date_gmt":"2020-11-17T15:50:32","guid":{"rendered":"https:\/\/mihkelsaar.ee\/?post_type=product&#038;p=1817"},"modified":"2024-02-08T13:35:20","modified_gmt":"2024-02-08T11:35:20","slug":"papaver-orientale-beauty-of-livermere","status":"publish","type":"product","link":"https:\/\/mihkelsaar.ee\/fi\/pood\/pusililled\/papaver\/papaver-orientale-beauty-of-livermere\/","title":{"rendered":"Papaver orientale 'Beauty of Livermere'"},"content":{"rendered":"","protected":false},"excerpt":{"rendered":"<p>Yksi suosituimmista id\u00e4unikkolajikkeista. Suuret kirkkaan punaiset kukat ja sinert\u00e4v\u00e4n vihre\u00e4t hieman karvaiset lehdet. Kev\u00e4isen kukinnan j\u00e4lkeen saapuu lepoaika, jolloin kasvin maanp\u00e4\u00e4llinen osa kellastuu, mutta syksyll\u00e4 kasvi jatkaa kasvuaan ja voi kukkia uudelleen. Kannattaa istuttaa yhteen my\u00f6h\u00e4isempien perennojen kanssa, jotka piilottavat kes\u00e4ll\u00e4 kukkapenkiss\u00e4 id\u00e4unikosta j\u00e4\u00e4neen tyhj\u00e4n tilan. Viihtyy aurinkoisessa tai hieman varjoisassa paikassa. Maaper\u00e4n tulisi olla viljava, kohtalaisen kostea ja hyvin vett\u00e4 l\u00e4p\u00e4isev\u00e4. Hyv\u00e4 leikkokukka, mehil\u00e4isten ja perhosten suosikki.<\/p>","protected":false},"featured_media":1818,"template":"","meta":[],"product_brand":[],"product_cat":[386,20],"product_tag":[388,387,24],"class_list":{"0":"post-1817","1":"product","2":"type-product","3":"status-publish","4":"has-post-thumbnail","6":"product_cat-papaver","7":"product_cat-pusililled","8":"product_tag-idamagun","9":"product_tag-papaver","10":"product_tag-pusililled","11":"pa_korgus-60-90cm","13":"first","14":"instock","15":"shipping-taxable","16":"product-type-simple"},"_links":{"self":[{"href":"https:\/\/mihkelsaar.ee\/fi\/wp-json\/wp\/v2\/product\/1817","targetHints":{"allow":["GET"]}}],"collection":[{"href":"https:\/\/mihkelsaar.ee\/fi\/wp-json\/wp\/v2\/product"}],"about":[{"href":"https:\/\/mihkelsaar.ee\/fi\/wp-json\/wp\/v2\/types\/product"}],"wp:featuredmedia":[{"embeddable":true,"href":"https:\/\/mihkelsaar.ee\/fi\/wp-json\/wp\/v2\/media\/1818"}],"wp:attachment":[{"href":"https:\/\/mihkelsaar.ee\/fi\/wp-json\/wp\/v2\/media?parent=1817"}],"wp:term":[{"taxonomy":"product_brand","embeddable":true,"href":"https:\/\/mihkelsaar.ee\/fi\/wp-json\/wp\/v2\/product_brand?post=1817"},{"taxonomy":"product_cat","embeddable":true,"href":"https:\/\/mihkelsaar.ee\/fi\/wp-json\/wp\/v2\/product_cat?post=1817"},{"taxonomy":"product_tag","embeddable":true,"href":"https:\/\/mihkelsaar.ee\/fi\/wp-json\/wp\/v2\/product_tag?post=1817"}],"curies":[{"name":"wp","href":"https:\/\/api.w.org\/{rel}","templated":true}]}}