{"id":1766,"date":"2020-11-16T12:29:00","date_gmt":"2020-11-16T10:29:00","guid":{"rendered":"https:\/\/mihkelsaar.ee\/?post_type=product&#038;p=1766"},"modified":"2022-02-03T15:17:29","modified_gmt":"2022-02-03T13:17:29","slug":"leucanthemum-dwarf-snow-lady","status":"publish","type":"product","link":"https:\/\/mihkelsaar.ee\/fi\/pood\/pusililled\/leucanthemum\/leucanthemum-dwarf-snow-lady\/","title":{"rendered":"Leucanthemum &#039;Dwarf Snow Lady&#039;"},"content":{"rendered":"","protected":false},"excerpt":{"rendered":"<p>\u2019Snow Lady\u2019 -lajikkeen k\u00e4\u00e4pi\u00f6muoto. Kukkii runsaasti, kukat ovat suuria puhtaan valkoisia. Lehdet ovat tummanvihreit\u00e4 ja kiilt\u00e4vi\u00e4. \nP\u00e4iv\u00e4nkakkarat ovat kest\u00e4vi\u00e4 ja vaatimattomia, kukkivat pitk\u00e4\u00e4n ja sopivat hyvin leikkokukiksi. Kasvavat hyvin kohtalaisen kosteassa viljavassa maassa, auringossa tai puolivarjossa Laihemmassa maassa kasvit ovat kompaktimpia eiv\u00e4tk\u00e4 lakoonnu helposti. Kuihtuneiden kukkien poisto pident\u00e4\u00e4 olennaisesti kukinta-aikaa. Palautuvat hyvin kuivumisen j\u00e4lkeen. N\u00e4ytt\u00e4v\u00e4t hyv\u00e4lt\u00e4 isompana ryhm\u00e4n\u00e4, k\u00e4ytet\u00e4\u00e4n my\u00f6s sekapenkeiss\u00e4, reunuskasvina ja puutarharuukussa.<\/p>\n<p>H\u00e4r\u00e4nsilm\u00e4t ovat kest\u00e4vi\u00e4 ja vaatimattomia, pitk\u00e4kukintaisia ja sopivat leikkaamiseen. Ne kasvavat hyvin aurinkoisessa tai puolivarjoisessa paikassa, jossa on kohtalaisen kostea, hedelm\u00e4llinen maa. L\u00f6ysemm\u00e4ss\u00e4 maaper\u00e4ss\u00e4 paalut pysyv\u00e4t tiiviimp\u00e4n\u00e4 eiv\u00e4tk\u00e4 sortu yht\u00e4 helposti. Kukkineiden kukkien leikkaaminen pident\u00e4\u00e4 kukintaa merkitt\u00e4v\u00e4sti. Ne palautuvat hyvin kuivumisen j\u00e4lkeen. Ne toimivat hyvin suurissa ryhmiss\u00e4, k\u00e4ytet\u00e4\u00e4n s\u00e4ngyiss\u00e4, reunakasvina ja puutarhamaljakoissa.<\/p>","protected":false},"featured_media":1767,"template":"","meta":[],"product_brand":[],"product_cat":[362,20],"product_tag":[364,363,24],"class_list":{"0":"post-1766","1":"product","2":"type-product","3":"status-publish","4":"has-post-thumbnail","6":"product_cat-leucanthemum","7":"product_cat-pusililled","8":"product_tag-harjasilm","9":"product_tag-leucanthemum","10":"product_tag-pusililled","11":"pa_korgus-20-30cm","13":"first","14":"instock","15":"shipping-taxable","16":"product-type-simple"},"_links":{"self":[{"href":"https:\/\/mihkelsaar.ee\/fi\/wp-json\/wp\/v2\/product\/1766","targetHints":{"allow":["GET"]}}],"collection":[{"href":"https:\/\/mihkelsaar.ee\/fi\/wp-json\/wp\/v2\/product"}],"about":[{"href":"https:\/\/mihkelsaar.ee\/fi\/wp-json\/wp\/v2\/types\/product"}],"wp:featuredmedia":[{"embeddable":true,"href":"https:\/\/mihkelsaar.ee\/fi\/wp-json\/wp\/v2\/media\/1767"}],"wp:attachment":[{"href":"https:\/\/mihkelsaar.ee\/fi\/wp-json\/wp\/v2\/media?parent=1766"}],"wp:term":[{"taxonomy":"product_brand","embeddable":true,"href":"https:\/\/mihkelsaar.ee\/fi\/wp-json\/wp\/v2\/product_brand?post=1766"},{"taxonomy":"product_cat","embeddable":true,"href":"https:\/\/mihkelsaar.ee\/fi\/wp-json\/wp\/v2\/product_cat?post=1766"},{"taxonomy":"product_tag","embeddable":true,"href":"https:\/\/mihkelsaar.ee\/fi\/wp-json\/wp\/v2\/product_tag?post=1766"}],"curies":[{"name":"wp","href":"https:\/\/api.w.org\/{rel}","templated":true}]}}