{"id":1682,"date":"2020-11-13T14:36:23","date_gmt":"2020-11-13T12:36:23","guid":{"rendered":"https:\/\/mihkelsaar.ee\/?post_type=product&#038;p=1682"},"modified":"2022-11-02T13:52:52","modified_gmt":"2022-11-02T11:52:52","slug":"heuchera-paris","status":"publish","type":"product","link":"https:\/\/mihkelsaar.ee\/fi\/pood\/pusililled\/heuchera\/heuchera-paris\/","title":{"rendered":"Heuchera &#039;Rex Lime&#039;\u00ae"},"content":{"rendered":"","protected":false},"excerpt":{"rendered":"<p>'Rex' -sarjan lajikkeet ovat suurempia ja vahvempia kuin muut keijunkukkalajikkeet. 'Rex Limen' kellert\u00e4v\u00e4n vihre\u00e4t lehdet kest\u00e4v\u00e4t hyvin aurinkoa, bonuksena kasvi kasvattaa runsaita kukkavarsia. Keijunkukat p\u00e4rj\u00e4\u00e4v\u00e4t hyvin eri olosuhteissa, mutta parhaiten viihtyv\u00e4t kosteahkossa, viljavassa, hyvin vett\u00e4 l\u00e4p\u00e4isev\u00e4ss\u00e4 maassa, puolivarjoisassa kasvupaikassa. K\u00e4ytet\u00e4\u00e4n ryhm\u00e4- tai reunuskasvina perennapenkeiss\u00e4, varjopuutarhoissa ja puutarharuukkujen sekaistutuksissa.<\/p>","protected":false},"featured_media":1685,"template":"","meta":[],"product_brand":[],"product_cat":[333,20],"product_tag":[542,335,334,24],"class_list":{"0":"post-1682","1":"product","2":"type-product","3":"status-publish","4":"has-post-thumbnail","6":"product_cat-heuchera","7":"product_cat-pusililled","8":"product_tag-aiavaasid","9":"product_tag-helmikpooris","10":"product_tag-heuchera","11":"product_tag-pusililled","12":"pa_korgus-30-60cm","14":"first","15":"instock","16":"shipping-taxable","17":"product-type-simple"},"_links":{"self":[{"href":"https:\/\/mihkelsaar.ee\/fi\/wp-json\/wp\/v2\/product\/1682","targetHints":{"allow":["GET"]}}],"collection":[{"href":"https:\/\/mihkelsaar.ee\/fi\/wp-json\/wp\/v2\/product"}],"about":[{"href":"https:\/\/mihkelsaar.ee\/fi\/wp-json\/wp\/v2\/types\/product"}],"wp:featuredmedia":[{"embeddable":true,"href":"https:\/\/mihkelsaar.ee\/fi\/wp-json\/wp\/v2\/media\/1685"}],"wp:attachment":[{"href":"https:\/\/mihkelsaar.ee\/fi\/wp-json\/wp\/v2\/media?parent=1682"}],"wp:term":[{"taxonomy":"product_brand","embeddable":true,"href":"https:\/\/mihkelsaar.ee\/fi\/wp-json\/wp\/v2\/product_brand?post=1682"},{"taxonomy":"product_cat","embeddable":true,"href":"https:\/\/mihkelsaar.ee\/fi\/wp-json\/wp\/v2\/product_cat?post=1682"},{"taxonomy":"product_tag","embeddable":true,"href":"https:\/\/mihkelsaar.ee\/fi\/wp-json\/wp\/v2\/product_tag?post=1682"}],"curies":[{"name":"wp","href":"https:\/\/api.w.org\/{rel}","templated":true}]}}