{"id":1631,"date":"2020-11-13T08:22:58","date_gmt":"2020-11-13T06:22:58","guid":{"rendered":"https:\/\/mihkelsaar.ee\/?post_type=product&#038;p=1631"},"modified":"2026-02-16T13:16:32","modified_gmt":"2026-02-16T11:16:32","slug":"echinacea-purpurea-alba","status":"publish","type":"product","link":"https:\/\/mihkelsaar.ee\/fi\/pood\/pusililled\/echinacea\/echinacea-purpurea-alba\/","title":{"rendered":"Echinacea purpurea &#039;Prairie Splendor&#039;"},"content":{"rendered":"","protected":false},"excerpt":{"rendered":"<p>Suurte roosade \u00f5itega k\u00f5rge sort. \u00d5ied pleekuvad vananedes heledamaks. J\u00f5ulise kasvuga vastupidavad ja rikkalikult \u00f5itsevad taimed. Siilk\u00fcbarad \u00e4rkavad kevadel hilja, kuid \u00f5itsevad k\u00fclmadeni. Kasvuks sobib soe p\u00e4ikeseline koht ning keskmise viljakusega parasniiske pinnas. Taimedele ei sobi rasked savimullad ja talvine liigniiskus. Kasuta gruppidena p\u00fcsilillepeenras. Siilk\u00fcbarad on head l\u00f5ikelilled ja putukate lemmikud.<\/p>","protected":false},"featured_media":5139,"template":"","meta":[],"product_brand":[],"product_cat":[321,20],"product_tag":[322,323,24],"class_list":{"0":"post-1631","1":"product","2":"type-product","3":"status-publish","4":"has-post-thumbnail","6":"product_cat-echinacea","7":"product_cat-pusililled","8":"product_tag-echinacea","9":"product_tag-purpur-siilkubar","10":"product_tag-pusililled","11":"pa_korgus-80-100cm","13":"first","14":"instock","15":"shipping-taxable","16":"product-type-simple"},"_links":{"self":[{"href":"https:\/\/mihkelsaar.ee\/fi\/wp-json\/wp\/v2\/product\/1631","targetHints":{"allow":["GET"]}}],"collection":[{"href":"https:\/\/mihkelsaar.ee\/fi\/wp-json\/wp\/v2\/product"}],"about":[{"href":"https:\/\/mihkelsaar.ee\/fi\/wp-json\/wp\/v2\/types\/product"}],"wp:featuredmedia":[{"embeddable":true,"href":"https:\/\/mihkelsaar.ee\/fi\/wp-json\/wp\/v2\/media\/5139"}],"wp:attachment":[{"href":"https:\/\/mihkelsaar.ee\/fi\/wp-json\/wp\/v2\/media?parent=1631"}],"wp:term":[{"taxonomy":"product_brand","embeddable":true,"href":"https:\/\/mihkelsaar.ee\/fi\/wp-json\/wp\/v2\/product_brand?post=1631"},{"taxonomy":"product_cat","embeddable":true,"href":"https:\/\/mihkelsaar.ee\/fi\/wp-json\/wp\/v2\/product_cat?post=1631"},{"taxonomy":"product_tag","embeddable":true,"href":"https:\/\/mihkelsaar.ee\/fi\/wp-json\/wp\/v2\/product_tag?post=1631"}],"curies":[{"name":"wp","href":"https:\/\/api.w.org\/{rel}","templated":true}]}}