{"id":1371,"date":"2020-11-06T16:24:02","date_gmt":"2020-11-06T14:24:02","guid":{"rendered":"https:\/\/mihkelsaar.ee\/?post_type=product&#038;p=1371"},"modified":"2022-11-02T13:10:51","modified_gmt":"2022-11-02T11:10:51","slug":"geranium-pink-penny","status":"publish","type":"product","link":"https:\/\/mihkelsaar.ee\/fi\/pood\/pusililled\/geranium\/geranium-pink-penny\/","title":{"rendered":"Geranium &#039;Pink Penny&#039;\u00ae"},"content":{"rendered":"","protected":false},"excerpt":{"rendered":"<p>Suuret violetinvaaleanpunaiset kukat ja tummanvihre\u00e4t lehdet pienill\u00e4 t\u00e4plill\u00e4. Kukkivat runsaasti ja pitk\u00e4\u00e4n. Kurjenpolvet ovat nopeakasvuisia ja helppohoitoisia sek\u00e4 vaatimattomia maaper\u00e4n suhteen. Kasvavat hyvin sek\u00e4 t\u00e4ydess\u00e4 auringossa ett\u00e4 puolivarjossa. Sopivat sipulikasvien kumppaniksi, koska peitt\u00e4v\u00e4t kukinnan j\u00e4lkeen niiden kellastuneita lehti\u00e4. Suosittelemme k\u00e4ytt\u00e4m\u00e4\u00e4n kurjenpolvia reunus- ja maanpeittokasvina sek\u00e4 puutarharuukuissa.<\/p>","protected":false},"featured_media":1374,"template":"","meta":[],"product_brand":[],"product_cat":[183],"product_tag":[184,185,554,24],"class_list":{"0":"post-1371","1":"product","2":"type-product","3":"status-publish","4":"has-post-thumbnail","6":"product_cat-geranium","7":"product_tag-geranium","8":"product_tag-kurereha","9":"product_tag-pinnakattetaim","10":"product_tag-pusililled","11":"pa_korgus-30-40cm","13":"first","14":"instock","15":"shipping-taxable","16":"product-type-simple"},"_links":{"self":[{"href":"https:\/\/mihkelsaar.ee\/fi\/wp-json\/wp\/v2\/product\/1371","targetHints":{"allow":["GET"]}}],"collection":[{"href":"https:\/\/mihkelsaar.ee\/fi\/wp-json\/wp\/v2\/product"}],"about":[{"href":"https:\/\/mihkelsaar.ee\/fi\/wp-json\/wp\/v2\/types\/product"}],"wp:featuredmedia":[{"embeddable":true,"href":"https:\/\/mihkelsaar.ee\/fi\/wp-json\/wp\/v2\/media\/1374"}],"wp:attachment":[{"href":"https:\/\/mihkelsaar.ee\/fi\/wp-json\/wp\/v2\/media?parent=1371"}],"wp:term":[{"taxonomy":"product_brand","embeddable":true,"href":"https:\/\/mihkelsaar.ee\/fi\/wp-json\/wp\/v2\/product_brand?post=1371"},{"taxonomy":"product_cat","embeddable":true,"href":"https:\/\/mihkelsaar.ee\/fi\/wp-json\/wp\/v2\/product_cat?post=1371"},{"taxonomy":"product_tag","embeddable":true,"href":"https:\/\/mihkelsaar.ee\/fi\/wp-json\/wp\/v2\/product_tag?post=1371"}],"curies":[{"name":"wp","href":"https:\/\/api.w.org\/{rel}","templated":true}]}}