{"id":1113,"date":"2020-11-04T09:31:21","date_gmt":"2020-11-04T07:31:21","guid":{"rendered":"https:\/\/mihkelsaar.ee\/?post_type=product&#038;p=1113"},"modified":"2022-02-02T11:49:59","modified_gmt":"2022-02-02T09:49:59","slug":"isoplexis-bella","status":"publish","type":"product","link":"https:\/\/mihkelsaar.ee\/fi\/pood\/hooajalised-pusililled\/isoplexis-bella\/","title":{"rendered":"Isoplexis &#039;Bella&#039;\u00ae"},"content":{"rendered":"","protected":false},"excerpt":{"rendered":"<p>Oranssit kukat, kapeat tummanvihre\u00e4t lehdet. Kompakti, nopeakasvuinen, runsas ja pitk\u00e4aikainen kukkija. Eritt\u00e4in kauniin muotoinen kasvi, joka kasvattaa koko kasvukauden ajan uusia kukkavarsia. Sopii hyvin terassille tai parvekkeelle puutarharuukkuihin tai penkkien reunuskasviksi. Kasvatetaan yksivuotisena kasvina. Viihtyy kohtalaisen viljavassa kosteahkossa hyvin vett\u00e4 l\u00e4p\u00e4isev\u00e4ss\u00e4 maaper\u00e4ss\u00e4. Kasvupaikka aurinkoinen tai puolivarjoisa. Kuihtuneiden kukkien poisto pident\u00e4\u00e4 kukinta-aikaa. Mehil\u00e4isten ja perhosten suosikki.<\/p>","protected":false},"featured_media":2407,"template":"","meta":[],"product_brand":[],"product_cat":[27],"product_tag":[30,523,521],"class_list":{"0":"post-1113","1":"product","2":"type-product","3":"status-publish","4":"has-post-thumbnail","6":"product_cat-hooajalised-pusililled","7":"product_tag-hooajalised","8":"product_tag-isoplexis","9":"product_tag-rodu-ja-terrassitaimed","10":"pa_korgus-40-60cm","12":"first","13":"instock","14":"shipping-taxable","15":"product-type-simple"},"_links":{"self":[{"href":"https:\/\/mihkelsaar.ee\/fi\/wp-json\/wp\/v2\/product\/1113","targetHints":{"allow":["GET"]}}],"collection":[{"href":"https:\/\/mihkelsaar.ee\/fi\/wp-json\/wp\/v2\/product"}],"about":[{"href":"https:\/\/mihkelsaar.ee\/fi\/wp-json\/wp\/v2\/types\/product"}],"wp:featuredmedia":[{"embeddable":true,"href":"https:\/\/mihkelsaar.ee\/fi\/wp-json\/wp\/v2\/media\/2407"}],"wp:attachment":[{"href":"https:\/\/mihkelsaar.ee\/fi\/wp-json\/wp\/v2\/media?parent=1113"}],"wp:term":[{"taxonomy":"product_brand","embeddable":true,"href":"https:\/\/mihkelsaar.ee\/fi\/wp-json\/wp\/v2\/product_brand?post=1113"},{"taxonomy":"product_cat","embeddable":true,"href":"https:\/\/mihkelsaar.ee\/fi\/wp-json\/wp\/v2\/product_cat?post=1113"},{"taxonomy":"product_tag","embeddable":true,"href":"https:\/\/mihkelsaar.ee\/fi\/wp-json\/wp\/v2\/product_tag?post=1113"}],"curies":[{"name":"wp","href":"https:\/\/api.w.org\/{rel}","templated":true}]}}