{"id":1086,"date":"2020-11-02T16:53:16","date_gmt":"2020-11-02T14:53:16","guid":{"rendered":"https:\/\/mihkelsaar.ee\/?post_type=product&#038;p=1086"},"modified":"2024-02-22T08:22:49","modified_gmt":"2024-02-22T06:22:49","slug":"gaillardia-celebration","status":"publish","type":"product","link":"https:\/\/mihkelsaar.ee\/fi\/pood\/hooajalised-pusililled\/gaillardia-celebration\/","title":{"rendered":"Gaillardia &#039;Celebration&#039;\u00ae"},"content":{"rendered":"","protected":false},"excerpt":{"rendered":"<p>Talviherkk\u00e4 perenna, kasvatetaan yksivuotisena kasvina. Eritt\u00e4in pitk\u00e4aikainen ja runsas kukkija. Kukat ovat kirkkaan punaisia. Tummanvihre\u00e4t kapeat lehdet. Viihtyy kohtalaisen viljavassa kosteahkossa hyvin vett\u00e4 l\u00e4p\u00e4isev\u00e4ss\u00e4 maaper\u00e4ss\u00e4. Kasvupaikka aurinkoinen tai puolivarjoisa. Kuihtuneiden kukkien poisto pident\u00e4\u00e4 kukinta-aikaa. K\u00e4ytet\u00e4\u00e4n penkeiss\u00e4 ja terassilla tai parvekkeella puutarharuukuissa. Mehil\u00e4isten ja perhosten suosikki.<\/p>","protected":false},"featured_media":4139,"template":"","meta":[],"product_brand":[],"product_cat":[27],"product_tag":[542,163,30,164,521],"class_list":{"0":"post-1086","1":"product","2":"type-product","3":"status-publish","4":"has-post-thumbnail","6":"product_cat-hooajalised-pusililled","7":"product_tag-aiavaasid","8":"product_tag-gaillardia","9":"product_tag-hooajalised","10":"product_tag-morsjalill","11":"product_tag-rodu-ja-terrassitaimed","12":"pa_korgus-35-40cm","14":"first","15":"instock","16":"shipping-taxable","17":"product-type-simple"},"_links":{"self":[{"href":"https:\/\/mihkelsaar.ee\/fi\/wp-json\/wp\/v2\/product\/1086","targetHints":{"allow":["GET"]}}],"collection":[{"href":"https:\/\/mihkelsaar.ee\/fi\/wp-json\/wp\/v2\/product"}],"about":[{"href":"https:\/\/mihkelsaar.ee\/fi\/wp-json\/wp\/v2\/types\/product"}],"wp:featuredmedia":[{"embeddable":true,"href":"https:\/\/mihkelsaar.ee\/fi\/wp-json\/wp\/v2\/media\/4139"}],"wp:attachment":[{"href":"https:\/\/mihkelsaar.ee\/fi\/wp-json\/wp\/v2\/media?parent=1086"}],"wp:term":[{"taxonomy":"product_brand","embeddable":true,"href":"https:\/\/mihkelsaar.ee\/fi\/wp-json\/wp\/v2\/product_brand?post=1086"},{"taxonomy":"product_cat","embeddable":true,"href":"https:\/\/mihkelsaar.ee\/fi\/wp-json\/wp\/v2\/product_cat?post=1086"},{"taxonomy":"product_tag","embeddable":true,"href":"https:\/\/mihkelsaar.ee\/fi\/wp-json\/wp\/v2\/product_tag?post=1086"}],"curies":[{"name":"wp","href":"https:\/\/api.w.org\/{rel}","templated":true}]}}