{"id":3652,"date":"2021-02-19T14:43:58","date_gmt":"2021-02-19T12:43:58","guid":{"rendered":"https:\/\/mihkelsaar.ee\/?page_id=3652"},"modified":"2021-02-19T14:43:58","modified_gmt":"2021-02-19T12:43:58","slug":"pojengid","status":"publish","type":"page","link":"https:\/\/mihkelsaar.ee\/fi\/pojengid\/","title":{"rendered":"Pionit"},"content":{"rendered":"<p id=\"block-02a9fd8f-14ca-4c93-96b8-e7c2f36d4d14\"><br>Meid\u00e4n ilmastossamme suurikukkaisimmat talvenkest\u00e4v\u00e4t perennat, hyvin pitk\u00e4ik\u00e4iset ja kest\u00e4v\u00e4t. Pionien kukinta-aikana puutarha on kauneimmillaan. Joidenkin lajikkeiden kukat ovat yli 20 cm kokoisia ja tuoksuvat. T\u00e4k\u00e4l\u00e4inen ilmasto on ihanteellinen ruohovartisten pionien kasvattamiseen. Istutuksen j\u00e4lkeen kuluu 2\u20135 vuotta, ennen kuin pionipensas alkaa kukkia t\u00e4ysill\u00e4.<\/p>\n\n\n\n<p id=\"block-46f099b0-66ea-4c46-84d4-7e846f5fc8c8\"><strong>Kuinka kasvaa?<\/strong><\/p>\n\n\n\n<p id=\"block-e787aa2b-fa49-4335-bdad-cdd183fb6306\">Pioneille sopivat l\u00e4hes kaikki puutarhamullat.\nPioneille sopii aurinkoinen kasvupaikka, tuore, runsasnmultainen, ravinteikas ja  l\u00e4p\u00e4isev\u00e4 maaper\u00e4. Istutusv\u00e4li 100\u2013120 cm, liian tihe\u00e4 istutus edist\u00e4\u00e4 sienitautien levi\u00e4mist\u00e4. Istuta heti oikeaan paikkaan, pionit kest\u00e4v\u00e4t huonosti uudelleenistutusta. Istutussyvyys enint\u00e4\u00e4n 3\u20135 cm, muuten kukinta my\u00f6h\u00e4styy tai kasvi ei kukoista lainkaan. Pioneja t\u00e4ytyy kastella hein\u00e4kuusta elokuun alkuun, koska siit\u00e4 riippuu seuraavan vuoden kukinta. Jotkut lajikkeet kasvattavat kukkia my\u00f6s sivunupuista, n\u00e4in kasvit kukkivat pidemp\u00e4\u00e4n, mutta kukat ovat pienempi\u00e4. Kun sivunuput poistetaan, kukkia syntyy v\u00e4hemm\u00e4n, mutta ne ovat eritt\u00e4in isoja. Varhaiskev\u00e4\u00e4ll\u00e4 ennen uusien lehtien kasvua pensaat tulisi leikata alas maahan.<\/p>\n\n\n\n<div class=\"wp-block-image\"><figure class=\"alignleft size-large is-resized\"><img loading=\"lazy\" decoding=\"async\" src=\"https:\/\/mihkelsaar.ee\/wp-content\/uploads\/2020\/10\/Paeonia-Red-Grace_739_-1024x680.jpg\" alt=\"\" class=\"wp-image-113\" width=\"512\" height=\"340\" srcset=\"https:\/\/mihkelsaar.ee\/wp-content\/uploads\/2020\/10\/Paeonia-Red-Grace_739_-1024x680.jpg 1024w, https:\/\/mihkelsaar.ee\/wp-content\/uploads\/2020\/10\/Paeonia-Red-Grace_739_-scaled-1000x664.jpg 1000w, https:\/\/mihkelsaar.ee\/wp-content\/uploads\/2020\/10\/Paeonia-Red-Grace_739_-300x199.jpg 300w, https:\/\/mihkelsaar.ee\/wp-content\/uploads\/2020\/10\/Paeonia-Red-Grace_739_-768x510.jpg 768w, https:\/\/mihkelsaar.ee\/wp-content\/uploads\/2020\/10\/Paeonia-Red-Grace_739_-1536x1020.jpg 1536w, https:\/\/mihkelsaar.ee\/wp-content\/uploads\/2020\/10\/Paeonia-Red-Grace_739_-scaled.jpg 1806w\" sizes=\"auto, (max-width: 512px) 100vw, 512px\" \/><\/figure><\/div>\n\n\n\n<p>Pioneja k\u00e4ytet\u00e4\u00e4n perennapenkeiss\u00e4, yksitellen tai vapaamuotoisina ryhmin\u00e4 Koska pionit ovat suuremman osan vuodesta vihreit\u00e4, niit\u00e4 voi k\u00e4ytt\u00e4\u00e4 polkujen varsilla tai erottamaan puutarhan eri osia. Sopivat sek\u00e4 massaistutukseen ett\u00e4 yksitt\u00e4iskasveiksi, sek\u00e4 luonnolliseen ett\u00e4 moderniin puutarhaan. P\u00e4rj\u00e4\u00e4v\u00e4t hyvin my\u00f6s isoissa puutarharuukuissa. Naapureiksi sopivat perennat, jotka kukkivat pionien kanssa samaan aikaan, ja tukevat toisiaan: ruusut, siperiankurjenmiekat, kissanmintut, salviat, kurjenpolvet, pikkusyd\u00e4met, j\u00e4ttipoimulehdet, prinsessankakkarat, t\u00e4htiputket, ym. Loppuun kukkineita pionipensaita peitt\u00e4v\u00e4t hyvin p\u00e4iv\u00e4nliljat, kurjenpolvi \u2019Rozanne\u2019, ritarinkannukset, iisot, hohdekukat, ym. <\/p>\n\n\n\n<p>Istuta heti oikeaan paikkaan, koska pionit k\u00e4rsiv\u00e4t voimakkaasti jokaisesta siirrosta. Istutussyvyys enint\u00e4\u00e4n 3-5 cm, muuten kukinta on my\u00f6hemmin tai kasvi ei kukki ollenkaan.<\/p>\n\n\n\n<div class=\"wp-block-image\"><figure class=\"alignright size-large is-resized\"><img loading=\"lazy\" decoding=\"async\" src=\"https:\/\/mihkelsaar.ee\/wp-content\/uploads\/2020\/10\/Paeonia--680x1024.jpg\" alt=\"\" class=\"wp-image-114\" width=\"510\" height=\"768\" srcset=\"https:\/\/mihkelsaar.ee\/wp-content\/uploads\/2020\/10\/Paeonia--680x1024.jpg 680w, https:\/\/mihkelsaar.ee\/wp-content\/uploads\/2020\/10\/Paeonia--scaled-1000x1505.jpg 1000w, https:\/\/mihkelsaar.ee\/wp-content\/uploads\/2020\/10\/Paeonia--199x300.jpg 199w, https:\/\/mihkelsaar.ee\/wp-content\/uploads\/2020\/10\/Paeonia--768x1156.jpg 768w, https:\/\/mihkelsaar.ee\/wp-content\/uploads\/2020\/10\/Paeonia--1020x1536.jpg 1020w, https:\/\/mihkelsaar.ee\/wp-content\/uploads\/2020\/10\/Paeonia--scaled.jpg 1200w\" sizes=\"auto, (max-width: 510px) 100vw, 510px\" \/><\/figure><\/div>\n\n\n\n<p>On t\u00e4rke\u00e4\u00e4 kastella tarvittaessa hein\u00e4kuusta elokuun alkuun, sill\u00e4 ensi vuoden kukinta riippuu siit\u00e4. Jotkut lajikkeet tuottavat kukkia my\u00f6s sivusilmuista, joten kukinta-aika on pidempi, mutta kukat j\u00e4\u00e4v\u00e4t pienemmiksi. Kun sivusilmut poistetaan, kukkia syntyy v\u00e4hemm\u00e4n, mutta ne ovat eritt\u00e4in suuria. Varhain kev\u00e4\u00e4ll\u00e4, ennen kuin uudet lehdet kasvavat, leikkaa pensas takaisin maahan.<\/p>\n\n\n\n<p><strong>Itoh-pensaspionit<\/strong><\/p>\n\n\n\n<p>Vaikka puuvartiset ja ruohovartiset pionit saattavat ensi katseella n\u00e4ytt\u00e4\u00e4 aika samanlaisilta, niin geneettisesti ne ovat silti hyvin erilaisia kasveja. Jos vet\u00e4\u00e4 rinnakkaisuuksia muiden kasvien kanssa, niin puuvartiset ja ruohovartiset pionit eroavat toisistaan yht\u00e4 paljon kuin pensashanhikki (Potentilla fruticosa) ja ruohovartiset ei-puumaiset hanhikkilajit. Itoh-hybrideill\u00e4 on sek\u00e4 ruoho- ett\u00e4 puuvartisten pionien tunnuksia. Kasveilla on yleens\u00e4 10\u201320 cm korkuinen pieni kanto ja puutuneet varret, joiden p\u00e4\u00e4lle kev\u00e4\u00e4ll\u00e4 kasvaa ruohovartinen pensas. Kaikki t\u00e4h\u00e4n menness\u00e4 kehitetyt Itoh-hybridit ovat triploidisia, kukkien halkaisija on noin 20 cm. Triploidisuuden vuoksi Itoh-pionit ovat hedelm\u00e4tt\u00f6mi\u00e4 eiv\u00e4tk\u00e4 muodosta elinkelpoisia siemeni\u00e4. Itoh-hybridit kasvavat meid\u00e4n oloissamme paremmin kuin pensaspionit, sopeutumalla hyvin ankaraan talvi-ilmastoomme. Lumettomina talvina on kuitenkin suositeltavaa peitt\u00e4\u00e4 puutarhassa kasvit kevyesti, etenkin nuoremmat. Itoh-pioneja lis\u00e4t\u00e4\u00e4n samalla tavalla kuin ruohovartisia pioneja eli jakamalla. Kasvin varttuminen lis\u00e4\u00e4ntymisik\u00e4\u00e4n kest\u00e4\u00e4 useita vuosia. Siksi Itoh-pionit olivat alun perin hyvin harvinaisia ja kalliita. Esimerkiksi 1990-luvun lopulla keltainen kerrottukukkainen 'Bartzella'-lajike (jalostettu vuonna 1986) maksoi 1000 dollaria \u2013 ja t\u00e4m\u00e4 hinta maksettiin yhdest\u00e4 kasvista! Meristemaattisen lis\u00e4ysmenetelm\u00e4n ansiosta on viimeisten 10 vuoden aikana viimeinkin pystytty my\u00f6s Itoh-pioneja lis\u00e4\u00e4m\u00e4\u00e4n meristeemisesti. Kun ensimm\u00e4iset yritykset pionien meristemaattisen lis\u00e4\u00e4misen alalla l\u00e4hes ep\u00e4onnistuivat, niin nyt jotkut jalostajat ovat ratkaisseet t\u00e4m\u00e4n ongelman onnistuneesti. Niinp\u00e4 onkin Itoh-pionien hinta tullut viime vuosina yh\u00e4 edullisemmaksi, joten my\u00f6s tavallisella pionikasvattajalla on varaa kauniisiin lajikkeisiin.<\/p>\n\n\n\n<p>Pionien naapuriksi voidaan valita samaan aikaan pionien kanssa kukkivia ja toisiaan tukevia perennoja: ruusuja, siperian iiriksi\u00e4, nokkosia, viisaita, pelargonioita, s\u00e4rkyneit\u00e4 syd\u00e4mi\u00e4, rypistyneit\u00e4 lehti\u00e4, h\u00e4r\u00e4nsilmi\u00e4, t\u00e4htituhoja jne. Kukkivat pionipensaat peitt\u00e4v\u00e4t hyvin p\u00e4iv\u00e4liljat, geranium &#039;Rozanne&#039;, kukon kannut, j\u00e4ttim\u00e4inen iisoppi, heleniumit jne.<\/p>","protected":false},"excerpt":{"rendered":"<p>Meie kliimas on pojengid k\u00f5ige suuremate \u00f5itega talvekindlad p\u00fcsililled. Nad on v\u00e4ga pikaaelised ja vastupidavad. Pojengide \u00f5itsemisaeg on \u00fcks ilusamaid aegu aias. Osade sortide \u00f5ied k\u00fc\u00fcndivad \u00fcle 20cm ja on l\u00f5hnavad. Kuidas kasvatada? Eesti kliima on rohtsete pojengide aias kasvatamiseks ideaalne. Peale istutamist kulub 2-5 aastat enne kui pojengip\u00f5\u00f5sas sordile omaselt \u00f5itsema hakkab. Enamik aiamuldadest [&hellip;]<\/p>\n","protected":false},"author":1,"featured_media":0,"parent":0,"menu_order":0,"comment_status":"closed","ping_status":"closed","template":"","meta":{"footnotes":""},"class_list":["post-3652","page","type-page","status-publish","hentry"],"_links":{"self":[{"href":"https:\/\/mihkelsaar.ee\/fi\/wp-json\/wp\/v2\/pages\/3652","targetHints":{"allow":["GET"]}}],"collection":[{"href":"https:\/\/mihkelsaar.ee\/fi\/wp-json\/wp\/v2\/pages"}],"about":[{"href":"https:\/\/mihkelsaar.ee\/fi\/wp-json\/wp\/v2\/types\/page"}],"author":[{"embeddable":true,"href":"https:\/\/mihkelsaar.ee\/fi\/wp-json\/wp\/v2\/users\/1"}],"replies":[{"embeddable":true,"href":"https:\/\/mihkelsaar.ee\/fi\/wp-json\/wp\/v2\/comments?post=3652"}],"version-history":[{"count":1,"href":"https:\/\/mihkelsaar.ee\/fi\/wp-json\/wp\/v2\/pages\/3652\/revisions"}],"predecessor-version":[{"id":3654,"href":"https:\/\/mihkelsaar.ee\/fi\/wp-json\/wp\/v2\/pages\/3652\/revisions\/3654"}],"wp:attachment":[{"href":"https:\/\/mihkelsaar.ee\/fi\/wp-json\/wp\/v2\/media?parent=3652"}],"curies":[{"name":"wp","href":"https:\/\/api.w.org\/{rel}","templated":true}]}}