{"id":3649,"date":"2021-02-19T14:37:31","date_gmt":"2021-02-19T12:37:31","guid":{"rendered":"https:\/\/mihkelsaar.ee\/?page_id=3649"},"modified":"2024-03-03T13:41:01","modified_gmt":"2024-03-03T11:41:01","slug":"roosid","status":"publish","type":"page","link":"https:\/\/mihkelsaar.ee\/fi\/roosid\/","title":{"rendered":"Ruusut"},"content":{"rendered":"<ul class=\"wp-block-list\">\n<li>Kukkivat runsaasti jo istutusvuonna<\/li>\n\n\n\n<li>AA-laatua olevat ruusut, 3\u20135 p\u00e4\u00e4oksalla C4 ja C5,5 ruukuissa<\/li>\n\n\n\n<li>Huolellisesti valitut lajikkeet maailman parhailta jalostajilta (Tantau, Kordes, Meilland, NIRP). 80 % ruusulajikkeista on virallisesti rekister\u00f6ity.  Laadukkaasti kasvatetut ja silmuttamalla lis\u00e4tyt ruusut ovat meid\u00e4n ilmastossamme kest\u00e4v\u00e4mpi\u00e4. Kaikki uudemmat ruusulajikkeet (lajikenimen j\u00e4lkeen \u00ae-merkki) ovat yleens\u00e4 taudinkest\u00e4v\u00e4mpi\u00e4 kuin vanhat rekister\u00f6im\u00e4tt\u00f6m\u00e4t lajikkeet Eritt\u00e4in vastustuskykyisi\u00e4 taudeille ovat ADR:ll\u00e4 merkityt ruusulajikkeet<\/li>\n\n\n\n<li>Valikoima sis\u00e4lt\u00e4\u00e4 yli 30 lajiketta pekki-, maanpeitto-, puisto-, kiipeily- ja uusia antiikkiruusuja<\/li>\n\n\n\n<li>Valikoima sis\u00e4lt\u00e4\u00e4 huolella valittuja lajikkeita maailman parhailta kasvattajilta (Kordes, Tantau, Meilland, Eskelund, Roses Forever).<\/li>\n<\/ul>\n\n\n\n<h5 class=\"wp-block-heading\" id=\"block-8551db19-6640-4ffa-bae7-1102d3161ad7\"><a href=\"https:\/\/mihkelsaar.ee\/fi\/tuote-osasto\/roosid\/uus-antiikroosid\/\">ISOKUKKAISET NOSTALGIARUUSUT<\/a><\/h5>\n\n\n\n<p id=\"block-0d133d16-be99-45da-8479-d943304b4fa8\">Suosituin ruusuryhm\u00e4. Kukat muistuttavat muodoltaan vanhoja englantilaisia ruusuja, mutta pensaat ovat vahvempia ja yhten\u00e4isempi\u00e4. Sopivat sek\u00e4 penkki- ett\u00e4 leikkokukiksi. Valtaosa lajikkeista on tuoksuvia.<\/p>\n\n\n\n<h5 class=\"wp-block-heading\" id=\"block-b1a584bb-08e4-4ea0-8605-5c689e1b805a\"><a href=\"https:\/\/mihkelsaar.ee\/fi\/tuote-osasto\/roosid\/vaarisroosid\/\">ISOKUKKAISET TEEHYBRIDIRUUSUT<\/a><\/h5>\n\n\n\n<p id=\"block-527ff01f-fe6a-4a32-8a4c-e853832474d0\">Lajikkeet, joissa on klassinen muoto ja suuret tuoksuvat t\u00e4ytteet. K\u00e4yt\u00e4 yksinkasvina tai ryhm\u00e4ss\u00e4 s\u00e4ngyss\u00e4. Ne sopivat hyvin leikkokukille ja penkkiin. Lyhyempi\u00e4 lajikkeita voidaan kasvattaa menestyksekk\u00e4\u00e4sti puutarhamaljakoissa. <\/p>\n\n\n\n<h5 class=\"wp-block-heading\" id=\"block-8daa3271-2de2-4298-b20f-ecb53404a9ab\"><a href=\"https:\/\/mihkelsaar.ee\/fi\/tuote-osasto\/roosid\/peenraroosid\/\">RYHM\u00c4RUUSUT<\/a><\/h5>\n\n\n\n<p id=\"block-0a174fe2-3769-4ee9-b614-a2c7f4b0d03b\">Kukat ovat suurempia kuin maanpeiteruusuilla, mutta pienemm\u00e4t kuin jaloruusuilla. \nKukkivat moneen kertaan. \nTarvitsevat v\u00e4hemm\u00e4n hoitoa kuin jaloruusut. \nIstutetaan ryhmitt\u00e4in tai yksitellen.<\/p>\n\n\n\n<h5 class=\"wp-block-heading\" id=\"block-706e841f-077a-4c83-97a4-1c7777e08f48\"><a href=\"https:\/\/mihkelsaar.ee\/fi\/tuote-osasto\/roosid\/pinnakatteroosid\/\">MAANPEITERUUSUT<\/a><\/h5>\n\n\n\n<p id=\"block-7604895c-2b9b-42a7-9436-88b40b9492d2\">Hyvin taudinkest\u00e4v\u00e4t, hyv\u00e4t talvehtijat.\nK\u00e4ytet\u00e4\u00e4n suurempina ryhmin\u00e4 lis\u00e4\u00e4m\u00e4\u00e4n v\u00e4ri\u00e4 puutarhaan, sopivat my\u00f6s puutarharuukkuun.\nPienemm\u00e4t kukat verrattuna muihin ruusuryhmiin, mutta kukkivat runsaammin ja pidemp\u00e4\u00e4n. Tuoksu v\u00e4h\u00e4inen tai sitten ei tuoksu ollenkaan.<\/p>\n\n\n\n<h5 class=\"wp-block-heading\" id=\"block-abb5358f-63ad-4403-a409-aa8bec7736b3\"><a href=\"https:\/\/mihkelsaar.ee\/fi\/tuote-osasto\/roosid\/roniroosid\/\">K\u00d6YNN\u00d6SRUUSUT<\/a><\/h5>\n\n\n\n<p id=\"block-bf8d8804-df3b-4bd3-9598-2f0532a52e1c\">Valikoimassamme olevat ruusut kukkivat jo saman vuoden versoilla ja toistuvasti.\nTerveet ja kiilt\u00e4v\u00e4t lehdet, nopea kasvu.&nbsp;<\/p>\n\n\n\n<h5 class=\"wp-block-heading\" id=\"block-0e63efc5-089f-4bc3-bf03-70feb48ac55f\"><a>MINIATYYRIRUUSUT<\/a><\/h5>\n\n\n\n<p id=\"block-f316309d-abd3-4bdd-93f7-ef0ad34966e8\">Miniruusuja, joilla on kompakti kasvu ja runsas kukinta. Poistamalla kuluneet kukat ne kukkivat l\u00e4pi kauden. Suunniteltu ensisijaisesti kasvatukseen puutarhamaljakossa parvekkeella tai terassilla. Talvitusta varten kaivaa kasvit syksyll\u00e4 s\u00e4nkyyn ruukulla tai ilman ja peit\u00e4 kuusen oksilla. Ensi kev\u00e4\u00e4n\u00e4 istuta hieman isompaan ruukkuun, lis\u00e4\u00e4 tuoretta maaper\u00e4\u00e4 ja lannoitetta. Ne eroavat alkuper\u00e4isist\u00e4 miniruusuista siin\u00e4, ett\u00e4 ne keskittyv\u00e4t vahvaan kasvupohjaan, mik\u00e4 antaa niille suuremman ja vahvemman kasvun ruukkuruusuihin verrattuna.<\/p>\n\n\n\n<h5 class=\"wp-block-heading\" id=\"block-caeb6480-1631-45d0-9e78-cad7e7e38406\"><a href=\"https:\/\/mihkelsaar.ee\/fi\/tuote-osasto\/roosid\/pargiroosid\/\">PUISTORUUSUT<\/a><\/h5>\n\n\n\n<p id=\"block-fe245959-72f4-4829-ad21-c706e263c9a7\">Kest\u00e4v\u00e4t ja pakkasenkest\u00e4v\u00e4t pensaat, jotka vaativat v\u00e4hemm\u00e4n huoltoa kuin pensas- ja pensasruusut. Puistoruusuilla on lyhyempi kukinta-aika pekki-, peitto- ja uusi-antiikkiruusuihin verrattuna. Joillakin lajikkeilla on my\u00f6s koristeellisia hedelmi\u00e4.<\/p>","protected":false},"excerpt":{"rendered":"<p>UUS-ANTIIKROOSID K\u00f5ige populaarsem&nbsp;rooside r\u00fchm. \u00d5iekuju meenutab vanu inglise roose, kuid&nbsp;p\u00f5\u00f5sad on kompaktsema kasvu ja tugevamate v\u00f5rsetega. Sobivad nii peenrale kui l\u00f5ike\u00f5iteks. Enamasti l\u00f5hnavad. V\u00c4\u00c4RISROOSID Klassikalise kujuga suurte l\u00f5hnavate t\u00e4idis\u00f5itega sordid. Peenras kasuta soolotaime v\u00f5i grupina. Sobivad h\u00e4sti l\u00f5ike\u00f5iteks ja peenrasse. Madalamaid sorte saab edukalt kasvatada aiavaasides. PEENRAROOSID \u00d5ied on suuremad kui pinnakatteroosidel, kuid v\u00e4iksemad kui [&hellip;]<\/p>\n","protected":false},"author":1,"featured_media":0,"parent":0,"menu_order":0,"comment_status":"closed","ping_status":"closed","template":"","meta":{"footnotes":""},"class_list":["post-3649","page","type-page","status-publish","hentry"],"_links":{"self":[{"href":"https:\/\/mihkelsaar.ee\/fi\/wp-json\/wp\/v2\/pages\/3649","targetHints":{"allow":["GET"]}}],"collection":[{"href":"https:\/\/mihkelsaar.ee\/fi\/wp-json\/wp\/v2\/pages"}],"about":[{"href":"https:\/\/mihkelsaar.ee\/fi\/wp-json\/wp\/v2\/types\/page"}],"author":[{"embeddable":true,"href":"https:\/\/mihkelsaar.ee\/fi\/wp-json\/wp\/v2\/users\/1"}],"replies":[{"embeddable":true,"href":"https:\/\/mihkelsaar.ee\/fi\/wp-json\/wp\/v2\/comments?post=3649"}],"version-history":[{"count":6,"href":"https:\/\/mihkelsaar.ee\/fi\/wp-json\/wp\/v2\/pages\/3649\/revisions"}],"predecessor-version":[{"id":4966,"href":"https:\/\/mihkelsaar.ee\/fi\/wp-json\/wp\/v2\/pages\/3649\/revisions\/4966"}],"wp:attachment":[{"href":"https:\/\/mihkelsaar.ee\/fi\/wp-json\/wp\/v2\/media?parent=3649"}],"curies":[{"name":"wp","href":"https:\/\/api.w.org\/{rel}","templated":true}]}}