{"id":3642,"date":"2021-02-19T14:18:05","date_gmt":"2021-02-19T12:18:05","guid":{"rendered":"https:\/\/mihkelsaar.ee\/?page_id=3642"},"modified":"2021-02-19T14:21:07","modified_gmt":"2021-02-19T12:21:07","slug":"korrelised","status":"publish","type":"page","link":"https:\/\/mihkelsaar.ee\/fi\/korrelised\/","title":{"rendered":"Koristehein\u00e4t"},"content":{"rendered":"<ul class=\"wp-block-list\" id=\"block-d49e124e-a7bd-4429-b884-b703e38da98d\"><li>Koristehein\u00e4t ovat pitk\u00e4ik\u00e4isi\u00e4 ja kest\u00e4vi\u00e4<\/li><li>Sopivat hyvin moderniin puutarhaan<\/li><li>Piet Oudolf -tyylisen puutarhan erottamaton osa<\/li><li>Koristehein\u00e4t ovat n\u00e4ytt\u00e4vi\u00e4 my\u00f6s syksyll\u00e4 ja talvella<\/li><\/ul>\n\n\n\n<figure class=\"wp-block-image alignwide size-large\"><img loading=\"lazy\" decoding=\"async\" width=\"1024\" height=\"683\" src=\"https:\/\/mihkelsaar.ee\/wp-content\/uploads\/2020\/10\/IMGP1411-1024x683.jpg\" alt=\"\" class=\"wp-image-370\" srcset=\"https:\/\/mihkelsaar.ee\/wp-content\/uploads\/2020\/10\/IMGP1411-1024x683.jpg 1024w, https:\/\/mihkelsaar.ee\/wp-content\/uploads\/2020\/10\/IMGP1411-1000x667.jpg 1000w, https:\/\/mihkelsaar.ee\/wp-content\/uploads\/2020\/10\/IMGP1411-300x200.jpg 300w, https:\/\/mihkelsaar.ee\/wp-content\/uploads\/2020\/10\/IMGP1411-768x512.jpg 768w, https:\/\/mihkelsaar.ee\/wp-content\/uploads\/2020\/10\/IMGP1411.jpg 1453w\" sizes=\"auto, (max-width: 1024px) 100vw, 1024px\" \/><\/figure>\n\n\n\n<ul class=\"wp-block-list\" id=\"block-6aa1677e-498e-4904-8192-a71b6dde05d3\"><li>Matalakasvuiset viihtyv\u00e4t yleens\u00e4 kuivemmassa ja laihemmassa maassa, korkeakasvuiset suosivat viljavaa ja hyvin vett\u00e4 l\u00e4p\u00e4isev\u00e4\u00e4 maaper\u00e4\u00e4.<\/li><li>Koristehein\u00e4t viihtyv\u00e4t yleens\u00e4 aurinkoisessa kasvupaikassa<\/li><li>Elefanttihein\u00e4t ja l\u00e4nnenhirssit alkavat kasvaa, kun vuorokautinen l\u00e4mp\u00f6tila on kes\u00e4isen l\u00e4mmin<\/li><li>Elefanttihein\u00e4\u00e4 ei leikata syksyll\u00e4 alas V\u00e4h\u00e4lumisena talvena pensaiden ymp\u00e4rille tulee kasata lunta tai peitt\u00e4\u00e4 kasvit kuusenoksilla<\/li><li>Monet lajikkeet eiv\u00e4t sied\u00e4 liikaa kosteutta talvella<\/li><li>Suosittelemme k\u00e4ytt\u00e4m\u00e4\u00e4n ryhmin\u00e4, viheristutuksissa, perennapenkeiss\u00e4, kivikkoistutuksissa, reunuskasveina ja puutarharuukuissa (paitsi elefanttihein\u00e4)<\/li><li>Korkeakasvuisia hein\u00e4kasveja (Miscanthus, Calamagrostis, Molinia arundinacea) k\u00e4ytet\u00e4\u00e4n l\u00e4hinn\u00e4 yksitellen<\/li><li>Keski- ja korkeakasvuiset koristehein\u00e4t sopivat yhteen kaikkien perennoiden kanssa<\/li><li>Matalakasvuisia voi k\u00e4ytt\u00e4\u00e4 my\u00f6s kivikkoistutuksissa (paitsi sarat)<\/li><\/ul>\n\n\n\n<div class=\"wp-block-image\"><figure class=\"alignleft size-large\"><img loading=\"lazy\" decoding=\"async\" width=\"1024\" height=\"397\" src=\"https:\/\/mihkelsaar.ee\/wp-content\/uploads\/2020\/11\/Korreliste-skeem-1024x397.jpg\" alt=\"\" class=\"wp-image-1032\" srcset=\"https:\/\/mihkelsaar.ee\/wp-content\/uploads\/2020\/11\/Korreliste-skeem-1024x397.jpg 1024w, https:\/\/mihkelsaar.ee\/wp-content\/uploads\/2020\/11\/Korreliste-skeem-1000x388.jpg 1000w, https:\/\/mihkelsaar.ee\/wp-content\/uploads\/2020\/11\/Korreliste-skeem-300x116.jpg 300w, https:\/\/mihkelsaar.ee\/wp-content\/uploads\/2020\/11\/Korreliste-skeem-768x298.jpg 768w, https:\/\/mihkelsaar.ee\/wp-content\/uploads\/2020\/11\/Korreliste-skeem.jpg 1026w\" sizes=\"auto, (max-width: 1024px) 100vw, 1024px\" \/><\/figure><\/div>","protected":false},"excerpt":{"rendered":"<p>K\u00f5rrelised on pikaealised ja vastupidavad Sobivad h\u00e4sti modernse arhitektuuriga Piet Oudolf&#8217;i stiilis maastikukujunduse lahutamatu osa Efektne kasvukuju teeb k\u00f5rrelised dekoratiivseks ka s\u00fcgisel ja talvel Madalakasvulised eelistavad \u00fcldjuhul kuivemat ning lahjemat pinnast, k\u00f5rgekasvulised enamasti viljakamat, parasniisket ja hea veel\u00e4bilaskvusega mulda Enamik k\u00f5rrelisi eelistab p\u00e4ikesepaistelisemat kasvukohta Hiina-siidp\u00f6\u00f6rised ja vitshirsid alustavad kevadel kasvamist hiljem &#8211; siis kui \u00f6\u00f6p\u00e4evane [&hellip;]<\/p>\n","protected":false},"author":1,"featured_media":0,"parent":0,"menu_order":0,"comment_status":"closed","ping_status":"closed","template":"","meta":{"footnotes":""},"class_list":["post-3642","page","type-page","status-publish","hentry"],"_links":{"self":[{"href":"https:\/\/mihkelsaar.ee\/fi\/wp-json\/wp\/v2\/pages\/3642","targetHints":{"allow":["GET"]}}],"collection":[{"href":"https:\/\/mihkelsaar.ee\/fi\/wp-json\/wp\/v2\/pages"}],"about":[{"href":"https:\/\/mihkelsaar.ee\/fi\/wp-json\/wp\/v2\/types\/page"}],"author":[{"embeddable":true,"href":"https:\/\/mihkelsaar.ee\/fi\/wp-json\/wp\/v2\/users\/1"}],"replies":[{"embeddable":true,"href":"https:\/\/mihkelsaar.ee\/fi\/wp-json\/wp\/v2\/comments?post=3642"}],"version-history":[{"count":2,"href":"https:\/\/mihkelsaar.ee\/fi\/wp-json\/wp\/v2\/pages\/3642\/revisions"}],"predecessor-version":[{"id":3644,"href":"https:\/\/mihkelsaar.ee\/fi\/wp-json\/wp\/v2\/pages\/3642\/revisions\/3644"}],"wp:attachment":[{"href":"https:\/\/mihkelsaar.ee\/fi\/wp-json\/wp\/v2\/media?parent=3642"}],"curies":[{"name":"wp","href":"https:\/\/api.w.org\/{rel}","templated":true}]}}