{"id":2,"date":"2020-10-12T13:35:27","date_gmt":"2020-10-12T13:35:27","guid":{"rendered":"https:\/\/mihkelsaar.ee\/?page_id=2"},"modified":"2025-02-05T09:58:02","modified_gmt":"2025-02-05T07:58:02","slug":"sample-page","status":"publish","type":"page","link":"https:\/\/mihkelsaar.ee\/fi\/sample-page\/","title":{"rendered":"Yhteystiedot"},"content":{"rendered":"<figure class=\"wp-block-image alignwide size-large\"><img loading=\"lazy\" decoding=\"async\" width=\"1024\" height=\"325\" src=\"https:\/\/mihkelsaar.ee\/wp-content\/uploads\/2021\/03\/DSC_9617-1-e1614585273252-1024x325.jpg\" alt=\"Puukool\" class=\"wp-image-3719\" srcset=\"https:\/\/mihkelsaar.ee\/wp-content\/uploads\/2021\/03\/DSC_9617-1-e1614585273252-1024x325.jpg 1024w, https:\/\/mihkelsaar.ee\/wp-content\/uploads\/2021\/03\/DSC_9617-1-e1614585273252-300x95.jpg 300w, https:\/\/mihkelsaar.ee\/wp-content\/uploads\/2021\/03\/DSC_9617-1-e1614585273252-768x244.jpg 768w, https:\/\/mihkelsaar.ee\/wp-content\/uploads\/2021\/03\/DSC_9617-1-e1614585273252-1000x317.jpg 1000w, https:\/\/mihkelsaar.ee\/wp-content\/uploads\/2021\/03\/DSC_9617-1-e1614585273252.jpg 1500w\" sizes=\"auto, (max-width: 1024px) 100vw, 1024px\" \/><figcaption class=\"wp-element-caption\">Mihkel Saar Puutarha OY<\/figcaption><\/figure>\n\n\n\n<div class=\"wp-block-columns alignwide are-vertically-aligned-center has-black-color has-text-color is-layout-flex wp-container-core-columns-is-layout-28f84493 wp-block-columns-is-layout-flex\">\n<div class=\"wp-block-column is-vertically-aligned-center is-layout-flow wp-block-column-is-layout-flow\">\n<p class=\"has-medium-font-size\"><strong>Birgit Nool<\/strong><br>myyntip\u00e4\u00e4llikk\u00f6<br><a href=\"mailto:birgit@hansaplant.ee\">birgit@mspuukool.ee<\/a><br>puh. +372 51 89182<\/p>\n<\/div>\n\n\n\n<div class=\"wp-block-column is-vertically-aligned-center is-layout-flow wp-block-column-is-layout-flow\">\n<p class=\"has-medium-font-size\"><strong>Piret Karri<\/strong><br>tilausten koordinaattori<br><a href=\"mailto:puukool@hansaplant.ee\">info@mspuukool.ee<\/a><br>puh. +372 52 28556<\/p>\n<\/div>\n\n\n\n<div class=\"wp-block-column is-vertically-aligned-center is-layout-flow wp-block-column-is-layout-flow\">\n<p class=\"has-medium-font-size\"><strong>Mihkel Saar<\/strong><br>tuotantop\u00e4\u00e4llikk\u00f6<br><a href=\"mailto:mihkel@hansaplant.ee\">mihkel@mspuukool.ee<\/a><br>puh. +372 52 86 055<\/p>\n<\/div>\n<\/div>\n\n\n\n<hr class=\"wp-block-separator has-text-color has-cyan-bluish-gray-color has-css-opacity has-cyan-bluish-gray-background-color has-background is-style-wide\"\/>\n\n\n\n<p class=\"has-text-align-center has-black-color has-text-color has-medium-font-size\">Mihkel Saar Puukool O\u00dc, Kangru tee 19, Kiili vald, 75401, Harjumaa, Estonia,&nbsp;<a href=\"https:\/\/mihkelsaar.ee\/fi\/\">www.mihkelsaar.ee<\/a>&nbsp;, puh. +372528 6055<\/p>\n\n\n\n<ul class=\"wp-block-social-links aligncenter has-huge-icon-size is-style-logos-only is-layout-flex wp-block-social-links-is-layout-flex\"><li class=\"wp-social-link wp-social-link-facebook  wp-block-social-link\"><a href=\"https:\/\/www.facebook.com\/Mihkel-Saar-Puukool-105001684505479\/\" class=\"wp-block-social-link-anchor\"><svg width=\"24\" height=\"24\" viewbox=\"0 0 24 24\" version=\"1.1\" xmlns=\"http:\/\/www.w3.org\/2000\/svg\" aria-hidden=\"true\" focusable=\"false\"><path d=\"M12 2C6.5 2 2 6.5 2 12c0 5 3.7 9.1 8.4 9.9v-7H7.9V12h2.5V9.8c0-2.5 1.5-3.9 3.8-3.9 1.1 0 2.2.2 2.2.2v2.5h-1.3c-1.2 0-1.6.8-1.6 1.6V12h2.8l-.4 2.9h-2.3v7C18.3 21.1 22 17 22 12c0-5.5-4.5-10-10-10z\"><\/path><\/svg><span class=\"wp-block-social-link-label screen-reader-text\">Facebook<\/span><\/a><\/li><\/ul>\n\n\n\n<p><\/p>","protected":false},"excerpt":{"rendered":"<p>Birgit Noolm\u00fc\u00fcgijuhtbirgit@mspuukool.eemob +372 51 89 182 Piret Karritellimuste koordinaatorinfo@mspuukool.eeMob&nbsp;+372 52 28 556 Mihkel Saartootmisjuhtmihkel@mspuukool.eeMob +372 52 86 055 Mihkel Saar Puukool O\u00dc, &nbsp;Kangru tee 19, Kiili vald 75401, Harjumaa, ESTONIA,&nbsp;www.mihkelsaar.ee&nbsp;, mob +372 528 6055<\/p>","protected":false},"author":1,"featured_media":0,"parent":0,"menu_order":0,"comment_status":"closed","ping_status":"open","template":"template-fullwidth.php","meta":{"footnotes":""},"class_list":["post-2","page","type-page","status-publish","hentry"],"_links":{"self":[{"href":"https:\/\/mihkelsaar.ee\/fi\/wp-json\/wp\/v2\/pages\/2","targetHints":{"allow":["GET"]}}],"collection":[{"href":"https:\/\/mihkelsaar.ee\/fi\/wp-json\/wp\/v2\/pages"}],"about":[{"href":"https:\/\/mihkelsaar.ee\/fi\/wp-json\/wp\/v2\/types\/page"}],"author":[{"embeddable":true,"href":"https:\/\/mihkelsaar.ee\/fi\/wp-json\/wp\/v2\/users\/1"}],"replies":[{"embeddable":true,"href":"https:\/\/mihkelsaar.ee\/fi\/wp-json\/wp\/v2\/comments?post=2"}],"version-history":[{"count":22,"href":"https:\/\/mihkelsaar.ee\/fi\/wp-json\/wp\/v2\/pages\/2\/revisions"}],"predecessor-version":[{"id":5821,"href":"https:\/\/mihkelsaar.ee\/fi\/wp-json\/wp\/v2\/pages\/2\/revisions\/5821"}],"wp:attachment":[{"href":"https:\/\/mihkelsaar.ee\/fi\/wp-json\/wp\/v2\/media?parent=2"}],"curies":[{"name":"wp","href":"https:\/\/api.w.org\/{rel}","templated":true}]}}