{"id":119,"date":"2020-10-13T13:46:37","date_gmt":"2020-10-13T10:46:37","guid":{"rendered":"https:\/\/mihkelsaar.ee\/?page_id=119"},"modified":"2024-03-05T15:54:57","modified_gmt":"2024-03-05T13:54:57","slug":"hooajataimed","status":"publish","type":"page","link":"https:\/\/mihkelsaar.ee\/fi\/hooajataimed\/","title":{"rendered":"Kausikasvit"},"content":{"rendered":"<div class=\"wp-block-image\">\n<figure class=\"alignright size-full is-resized\"><img loading=\"lazy\" decoding=\"async\" width=\"283\" height=\"537\" src=\"https:\/\/mihkelsaar.ee\/wp-content\/uploads\/2023\/01\/Pruuni-etiketi-naidis-2023.jpg\" alt=\"\" class=\"wp-image-4551\" style=\"width:164px;height:310px\" srcset=\"https:\/\/mihkelsaar.ee\/wp-content\/uploads\/2023\/01\/Pruuni-etiketi-naidis-2023.jpg 283w, https:\/\/mihkelsaar.ee\/wp-content\/uploads\/2023\/01\/Pruuni-etiketi-naidis-2023-158x300.jpg 158w, https:\/\/mihkelsaar.ee\/wp-content\/uploads\/2023\/01\/Pruuni-etiketi-naidis-2023-6x12.jpg 6w\" sizes=\"auto, (max-width: 283px) 100vw, 283px\" \/><\/figure>\n<\/div>\n\n\n<p>T\u00e4m\u00e4n ryhm\u00e4n perennat on tarkoitettu k\u00e4ytett\u00e4v\u00e4ksi terassilla ja parvekkeella sek\u00e4 sesonkikukkina perennapenkeiss\u00e4. \nKaikki n\u00e4m\u00e4 ovat hyvin runsaat ja pitk\u00e4aikaiset kukkijat. \nMeid\u00e4n ilmastossamme kest\u00e4v\u00e4t talvea huonosti tai eiv\u00e4t kest\u00e4 ollenkaan. <\/p>\n\n\n\n<p><strong>Myyntipaikassa ne tuntee ruskeasta nimilapusta. <\/strong><\/p>\n\n\n\n<p><\/p>\n\n\n\n<p>Viihtyv\u00e4t aurinkoisessa paikassa, kohtalaisen kosteassa ja viljavassa mullassa. \nKun kuihtuneet kukat poistetaan s\u00e4\u00e4nn\u00f6llisesti, kukinta kest\u00e4\u00e4 kes\u00e4kuusta syyskuuhun. <\/p>\n\n\n\n<p>Kauden lopussa voi kokeilla talvis\u00e4ilytyst\u00e4 penkiss\u00e4 suojuksen alla. \nPuutarha- ja parvekeruukuissa sesonkikasvina, penkkiin sopivat t\u00e4ytekasveiksi. \nHyv\u00e4t kumppanit: koristehein\u00e4t, k\u00e4rs\u00e4m\u00f6t, keijunkukat, salviat, kes\u00e4kukat, ym.<\/p>\n\n\n\n<figure class=\"wp-block-gallery has-nested-images columns-4 is-cropped wp-block-gallery-1 is-layout-flex wp-block-gallery-is-layout-flex\">\n<figure class=\"wp-block-image size-large\"><img loading=\"lazy\" decoding=\"async\" width=\"768\" height=\"1024\" data-id=\"4490\" src=\"https:\/\/mihkelsaar.ee\/wp-content\/uploads\/2020\/11\/Verbena-bonariensis-3-e1671025471827-768x1024.jpg\" alt=\"Verbena bonariensis\" class=\"wp-image-4490\" srcset=\"https:\/\/mihkelsaar.ee\/wp-content\/uploads\/2020\/11\/Verbena-bonariensis-3-e1671025471827-768x1025.jpg 768w, https:\/\/mihkelsaar.ee\/wp-content\/uploads\/2020\/11\/Verbena-bonariensis-3-e1671025471827-225x300.jpg 225w, https:\/\/mihkelsaar.ee\/wp-content\/uploads\/2020\/11\/Verbena-bonariensis-3-e1671025471827-9x12.jpg 9w, https:\/\/mihkelsaar.ee\/wp-content\/uploads\/2020\/11\/Verbena-bonariensis-3-e1671025471827.jpg 838w\" sizes=\"auto, (max-width: 768px) 100vw, 768px\" \/><figcaption class=\"wp-element-caption\">Verbena bonariensis<\/figcaption><\/figure>\n\n\n\n<figure class=\"wp-block-image size-large\"><img loading=\"lazy\" decoding=\"async\" width=\"768\" height=\"1024\" data-id=\"4139\" src=\"https:\/\/mihkelsaar.ee\/wp-content\/uploads\/2020\/11\/Gaillardia-Celebration-2-e1667308448749-768x1024.jpg\" alt=\"Gaillardia 'Celebration'\" class=\"wp-image-4139\" srcset=\"https:\/\/mihkelsaar.ee\/wp-content\/uploads\/2020\/11\/Gaillardia-Celebration-2-e1667308448749-768x1024.jpg 768w, https:\/\/mihkelsaar.ee\/wp-content\/uploads\/2020\/11\/Gaillardia-Celebration-2-e1667308448749-225x300.jpg 225w, https:\/\/mihkelsaar.ee\/wp-content\/uploads\/2020\/11\/Gaillardia-Celebration-2-e1667308448749-9x12.jpg 9w, https:\/\/mihkelsaar.ee\/wp-content\/uploads\/2020\/11\/Gaillardia-Celebration-2-e1667308448749.jpg 1001w\" sizes=\"auto, (max-width: 768px) 100vw, 768px\" \/><figcaption class=\"wp-element-caption\">Gaillardia &#039;Spintop Red&#039;\u00ae<\/figcaption><\/figure>\n\n\n\n<figure class=\"wp-block-image size-medium\"><img loading=\"lazy\" decoding=\"async\" width=\"225\" height=\"300\" data-id=\"1207\" src=\"https:\/\/mihkelsaar.ee\/wp-content\/uploads\/2020\/11\/Stipa-tenuissima-Ponytails-e1604579050267-225x300.jpg\" alt=\"K\u00f5rrelised\" class=\"wp-image-1207\" srcset=\"https:\/\/mihkelsaar.ee\/wp-content\/uploads\/2020\/11\/Stipa-tenuissima-Ponytails-e1604579050267-225x300.jpg 225w, https:\/\/mihkelsaar.ee\/wp-content\/uploads\/2020\/11\/Stipa-tenuissima-Ponytails-e1604579050267.jpg 671w\" sizes=\"auto, (max-width: 225px) 100vw, 225px\" \/><figcaption class=\"wp-element-caption\">Stipa tenuissima &#039;Ponytails&#039;<\/figcaption><\/figure>\n\n\n\n<figure class=\"wp-block-image size-large\"><img loading=\"lazy\" decoding=\"async\" width=\"768\" height=\"1024\" data-id=\"3707\" src=\"https:\/\/mihkelsaar.ee\/wp-content\/uploads\/2020\/11\/DSC_6237-scaled-e1674629099869-768x1024.jpg\" alt=\"Carex buchananii\" class=\"wp-image-3707\" srcset=\"https:\/\/mihkelsaar.ee\/wp-content\/uploads\/2020\/11\/DSC_6237-scaled-e1674629099869-768x1024.jpg 768w, https:\/\/mihkelsaar.ee\/wp-content\/uploads\/2020\/11\/DSC_6237-scaled-e1674629099869-225x300.jpg 225w, https:\/\/mihkelsaar.ee\/wp-content\/uploads\/2020\/11\/DSC_6237-scaled-e1674629099869-1000x1334.jpg 1000w, https:\/\/mihkelsaar.ee\/wp-content\/uploads\/2020\/11\/DSC_6237-scaled-e1674629099869-9x12.jpg 9w, https:\/\/mihkelsaar.ee\/wp-content\/uploads\/2020\/11\/DSC_6237-scaled-e1674629099869.jpg 1094w\" sizes=\"auto, (max-width: 768px) 100vw, 768px\" \/><figcaption class=\"wp-element-caption\">Carex buchananii<\/figcaption><\/figure>\n\n\n\n<figure class=\"wp-block-image size-large\"><img loading=\"lazy\" decoding=\"async\" width=\"768\" height=\"1024\" data-id=\"1085\" src=\"https:\/\/mihkelsaar.ee\/wp-content\/uploads\/2020\/11\/Coreopsis-Solanna-Golden-Sphere-fp-scaled-e1606402679738-768x1024.jpg\" alt=\"Hooajaline\" class=\"wp-image-1085\" srcset=\"https:\/\/mihkelsaar.ee\/wp-content\/uploads\/2020\/11\/Coreopsis-Solanna-Golden-Sphere-fp-scaled-e1606402679738-768x1024.jpg 768w, https:\/\/mihkelsaar.ee\/wp-content\/uploads\/2020\/11\/Coreopsis-Solanna-Golden-Sphere-fp-scaled-e1606402679738-225x300.jpg 225w, https:\/\/mihkelsaar.ee\/wp-content\/uploads\/2020\/11\/Coreopsis-Solanna-Golden-Sphere-fp-scaled-e1606402679738-1152x1536.jpg 1152w, https:\/\/mihkelsaar.ee\/wp-content\/uploads\/2020\/11\/Coreopsis-Solanna-Golden-Sphere-fp-scaled-e1606402679738-1000x1334.jpg 1000w, https:\/\/mihkelsaar.ee\/wp-content\/uploads\/2020\/11\/Coreopsis-Solanna-Golden-Sphere-fp-scaled-e1606402679738.jpg 1200w\" sizes=\"auto, (max-width: 768px) 100vw, 768px\" \/><figcaption class=\"wp-element-caption\">Coreopsis &quot;Solana Golden Sphere&quot;<\/figcaption><\/figure>\n<\/figure>","protected":false},"excerpt":{"rendered":"<p>Selles grupis olevad p\u00fcsililled on m\u00f5eldud kasutamiseks terrassil, r\u00f5dukastis ja hooajalillena p\u00fcsilillepeenras. K\u00f5ik nad on v\u00e4ga rikkaliku ja v\u00e4ga pika \u00f5itsemisega. Meie kliimas talvituvad raskustega v\u00f5i \u00fcldse mitte. M\u00fc\u00fcgiplatsil tunneb nad \u00e4ra pruuni etiketi j\u00e4rgi. Regulaarselt \u00f5itsenud \u00f5isi \u00e4ra l\u00f5igates kestab \u00f5itsemine juunist septembrini. Hooaja l\u00f5pul v\u00f5ib katsetada peenras katte all \u00fcle talve hoidmist. Kasvavad [&hellip;]<\/p>\n","protected":false},"author":1,"featured_media":0,"parent":0,"menu_order":0,"comment_status":"closed","ping_status":"closed","template":"","meta":{"footnotes":""},"class_list":["post-119","page","type-page","status-publish","hentry"],"_links":{"self":[{"href":"https:\/\/mihkelsaar.ee\/fi\/wp-json\/wp\/v2\/pages\/119","targetHints":{"allow":["GET"]}}],"collection":[{"href":"https:\/\/mihkelsaar.ee\/fi\/wp-json\/wp\/v2\/pages"}],"about":[{"href":"https:\/\/mihkelsaar.ee\/fi\/wp-json\/wp\/v2\/types\/page"}],"author":[{"embeddable":true,"href":"https:\/\/mihkelsaar.ee\/fi\/wp-json\/wp\/v2\/users\/1"}],"replies":[{"embeddable":true,"href":"https:\/\/mihkelsaar.ee\/fi\/wp-json\/wp\/v2\/comments?post=119"}],"version-history":[{"count":14,"href":"https:\/\/mihkelsaar.ee\/fi\/wp-json\/wp\/v2\/pages\/119\/revisions"}],"predecessor-version":[{"id":4973,"href":"https:\/\/mihkelsaar.ee\/fi\/wp-json\/wp\/v2\/pages\/119\/revisions\/4973"}],"wp:attachment":[{"href":"https:\/\/mihkelsaar.ee\/fi\/wp-json\/wp\/v2\/media?parent=119"}],"curies":[{"name":"wp","href":"https:\/\/api.w.org\/{rel}","templated":true}]}}