{"id":1048,"date":"2020-11-02T14:04:59","date_gmt":"2020-11-02T12:04:59","guid":{"rendered":"https:\/\/mihkelsaar.ee\/?page_id=1048"},"modified":"2025-01-22T14:38:01","modified_gmt":"2025-01-22T12:38:01","slug":"ajalugu","status":"publish","type":"page","link":"https:\/\/mihkelsaar.ee\/fi\/ajalugu\/","title":{"rendered":"Aiandin tarina"},"content":{"rendered":"<div class=\"wp-block-group alignfull\"><div class=\"wp-block-group__inner-container is-layout-flow wp-block-group-is-layout-flow\">\n<div class=\"wp-block-group alignfull\"><div class=\"wp-block-group__inner-container is-layout-flow wp-block-group-is-layout-flow\">\n<div class=\"wp-block-cover aligncenter has-background-dim-40 has-black-background-color has-background-dim\"><img loading=\"lazy\" decoding=\"async\" width=\"1807\" height=\"1200\" class=\"wp-block-cover__image-background wp-image-1145\" alt=\"\" src=\"https:\/\/mihkelsaar.ee\/wp-content\/uploads\/2020\/11\/DSC_0111-scaled.jpg\" data-object-fit=\"cover\" srcset=\"https:\/\/mihkelsaar.ee\/wp-content\/uploads\/2020\/11\/DSC_0111-scaled.jpg 1807w, https:\/\/mihkelsaar.ee\/wp-content\/uploads\/2020\/11\/DSC_0111-scaled-1000x664.jpg 1000w, https:\/\/mihkelsaar.ee\/wp-content\/uploads\/2020\/11\/DSC_0111-300x199.jpg 300w, https:\/\/mihkelsaar.ee\/wp-content\/uploads\/2020\/11\/DSC_0111-1024x680.jpg 1024w, https:\/\/mihkelsaar.ee\/wp-content\/uploads\/2020\/11\/DSC_0111-768x510.jpg 768w, https:\/\/mihkelsaar.ee\/wp-content\/uploads\/2020\/11\/DSC_0111-1536x1020.jpg 1536w, https:\/\/mihkelsaar.ee\/wp-content\/uploads\/2020\/11\/DSC_0111-2048x1360.jpg 2048w\" sizes=\"auto, (max-width: 1807px) 100vw, 1807px\" \/><div class=\"wp-block-cover__inner-container is-layout-flow wp-block-cover-is-layout-flow\">\n<p class=\"has-text-align-center has-large-font-size\">Taimitarha perustettiin kev\u00e4\u00e4ll\u00e4 1998. Ensimm\u00e4isen kymmenen toimintavuoden aikana kasvatimme havukasveja ja lehtipensaita. Vuonna 2006 lopetimme pensaiden viljelyn ja erikoistuimme kapeammin perennojen ja ruusujen tuotantoon. 20 toimintavuotemme aikana olemme aina pit\u00e4neet kasvien laatua ensisijaisena.<\/p>\n<\/div><\/div>\n<\/div><\/div>\n<\/div><\/div>\n\n\n\n<div class=\"wp-block-ctl-instant-timeline\"><div class=\"ctl-instant-timeline block-1606725086730  both-sided\" style=\"--timeLineColor:#abb8c3;--textColor:#000000;--titleSize:18px;--descriptionSize:14px;--timeSize:28px\"><div class=\"timeline-content\"><div class=\"ctl-row\"><div class=\"ctl-col-6\"><div class=\"story-time\"><div style=\"color:#000000;font-size:28px\">1998<\/div><\/div><\/div><div class=\"ctl-col-6\"><div class=\"story-details\"><div class=\"story-image\"><img decoding=\"async\" src=\"https:\/\/mihkelsaar.ee\/wp-content\/uploads\/2020\/11\/1998-0002.jpg\"\/><\/div><h3 style=\"color:#000000;font-size:18px;line-height:24.12px\">Ruukutustalkoot<\/h3><p style=\"color:#000000;font-size:14px;line-height:24.22px\">Vuonna 1998 aloitimme havupuiden kasvatuksen ja myynnin O\u00dc Hansaplant nimen alla.<\/p><\/div><\/div><\/div><\/div><div class=\"timeline-content\"><div class=\"ctl-row\"><div class=\"ctl-col-6\"><div class=\"story-details\"><div class=\"story-image\"><img decoding=\"async\" src=\"https:\/\/mihkelsaar.ee\/wp-content\/uploads\/2020\/11\/DSC_0111-2.jpg\"\/><\/div><h3 style=\"color:#000000;font-size:18px;line-height:24.12px\">Ruusukasvatuksen alku<\/h3><p style=\"color:#000000;font-size:14px;line-height:24.22px\"><\/p><\/div><\/div><div class=\"ctl-col-6\"><div class=\"story-time\"><div style=\"color:#000000;font-size:28px\">2002<\/div><\/div><\/div><\/div><\/div><div class=\"timeline-content\"><div class=\"ctl-row\"><div class=\"ctl-col-6\"><div class=\"story-time\"><div style=\"color:#000000;font-size:28px\">2003<\/div><\/div><\/div><div class=\"ctl-col-6\"><div class=\"story-details\"><div class=\"story-image\"><img decoding=\"async\" src=\"https:\/\/mihkelsaar.ee\/wp-content\/uploads\/2020\/11\/2008_2159-scaled.jpg\"\/><\/div><h3 style=\"color:#000000;font-size:18px;line-height:24.12px\">Lehti- ja havukasvien kasvatus<\/h3><p style=\"color:#000000;font-size:14px;line-height:24.22px\"><\/p><\/div><\/div><\/div><\/div><div class=\"timeline-content\"><div class=\"ctl-row\"><div class=\"ctl-col-6\"><div class=\"story-details\"><div class=\"story-image\"><img decoding=\"async\" src=\"https:\/\/mihkelsaar.ee\/wp-content\/uploads\/2020\/11\/DSC_9709-scaled-edited.jpg\"\/><\/div><h3 style=\"color:#000000;font-size:18px;line-height:24.12px\">Taimisto<\/h3><p style=\"color:#000000;font-size:14px;line-height:24.22px\">Vuonna 2006 erikoistuimme perennojen ja ruusujen kasvatukseen.<\/p><\/div><\/div><div class=\"ctl-col-6\"><div class=\"story-time\"><div style=\"color:#000000;font-size:28px\">2006<\/div><\/div><\/div><\/div><\/div><div class=\"timeline-content\"><div class=\"ctl-row\"><div class=\"ctl-col-6\"><div class=\"story-time\"><div style=\"color:#000000;font-size:28px\">2009<\/div><\/div><\/div><div class=\"ctl-col-6\"><div class=\"story-details\"><div class=\"story-image\"><img decoding=\"async\" src=\"https:\/\/mihkelsaar.ee\/wp-content\/uploads\/2020\/11\/DSC_7657-scaled.jpg\"\/><\/div><h3 style=\"color:#000000;font-size:18px;line-height:24.12px\">Vuonna 2009 ensimm\u00e4iset kasvimme myytiin Suomeen.<\/h3><p style=\"color:#000000;font-size:14px;line-height:24.22px\">Vuonna 2009 l\u00e4hetimme ensimm\u00e4iset tehtaat Suomeen.<\/p><\/div><\/div><\/div><\/div><div class=\"timeline-content\"><div class=\"ctl-row\"><div class=\"ctl-col-6\"><div class=\"story-details\"><div class=\"story-image\"><img decoding=\"async\" src=\"https:\/\/mihkelsaar.ee\/wp-content\/uploads\/2020\/11\/DSC_9012-2.jpg\"\/><\/div><h3 style=\"color:#000000;font-size:18px;line-height:24.12px\">Kukkakauneus valmiina myyntiin<\/h3><p style=\"color:#000000;font-size:14px;line-height:24.22px\"><\/p><\/div><\/div><div class=\"ctl-col-6\"><div class=\"story-time\"><div style=\"color:#000000;font-size:28px\">2014<\/div><\/div><\/div><\/div><\/div><div class=\"timeline-content\"><div class=\"ctl-row\"><div class=\"ctl-col-6\"><div class=\"story-time\"><div style=\"color:#000000;font-size:28px\">2016<\/div><\/div><\/div><div class=\"ctl-col-6\"><div class=\"story-details\"><div class=\"story-image\"><img decoding=\"async\" src=\"https:\/\/mihkelsaar.ee\/wp-content\/uploads\/2020\/11\/2014_7222-scaled.jpg\"\/><\/div><h3 style=\"color:#000000;font-size:18px;line-height:24.12px\">Uusi br\u00e4ndi Mihkel Saar Puukool<\/h3><p style=\"color:#000000;font-size:14px;line-height:24.22px\">Vuodesta 2016 olemme toimineet nimell\u00e4 O\u00dc Mihkel Saar Puukool.<\/p><\/div><\/div><\/div><\/div><div class=\"timeline-content\"><div class=\"ctl-row\"><div class=\"ctl-col-6\"><div class=\"story-details\"><div class=\"story-image\"><img decoding=\"async\" src=\"https:\/\/mihkelsaar.ee\/wp-content\/uploads\/2020\/11\/DSC_7556.jpg\"\/><\/div><h3 style=\"color:#000000;font-size:18px;line-height:24.12px\">Logistiikkahalli<\/h3><p style=\"color:#000000;font-size:14px;line-height:24.22px\"><\/p><\/div><\/div><div class=\"ctl-col-6\"><div class=\"story-time\"><div style=\"color:#000000;font-size:28px\">2017<\/div><\/div><\/div><\/div><\/div><div class=\"timeline-content\"><div class=\"ctl-row\"><div class=\"ctl-col-6\"><div class=\"story-time\"><div style=\"color:#000000;font-size:28px\">2019<\/div><\/div><\/div><div class=\"ctl-col-6\"><div class=\"story-details\"><div class=\"story-image\"><img decoding=\"async\" src=\"https:\/\/mihkelsaar.ee\/wp-content\/uploads\/2020\/11\/DSC_1754.jpg\"\/><\/div><h3 style=\"color:#000000;font-size:18px;line-height:24.12px\">Talvi taimistossa<\/h3><p style=\"color:#000000;font-size:14px;line-height:24.22px\"><\/p><\/div><\/div><\/div><\/div><div class=\"timeline-content\"><div class=\"ctl-row\"><div class=\"ctl-col-6\"><div class=\"story-details\"><div class=\"story-image\"><img decoding=\"async\" src=\"https:\/\/mihkelsaar.ee\/wp-content\/uploads\/2020\/11\/DSC_5278-1-scaled.jpg\"\/><\/div><h3 style=\"color:#000000;font-size:18px;line-height:24.12px\">Lajitteluj\u00e4rjestelm\u00e4<\/h3><p style=\"color:#000000;font-size:14px;line-height:24.22px\"><\/p><\/div><\/div><div class=\"ctl-col-6\"><div class=\"story-time\"><div style=\"color:#000000;font-size:28px\">2020<\/div><\/div><\/div><\/div><\/div><\/div><\/div>\n\n\n\n<p><\/p>","protected":false},"excerpt":{"rendered":"","protected":false},"author":1,"featured_media":0,"parent":0,"menu_order":0,"comment_status":"closed","ping_status":"closed","template":"","meta":{"footnotes":""},"class_list":["post-1048","page","type-page","status-publish","hentry"],"_links":{"self":[{"href":"https:\/\/mihkelsaar.ee\/fi\/wp-json\/wp\/v2\/pages\/1048","targetHints":{"allow":["GET"]}}],"collection":[{"href":"https:\/\/mihkelsaar.ee\/fi\/wp-json\/wp\/v2\/pages"}],"about":[{"href":"https:\/\/mihkelsaar.ee\/fi\/wp-json\/wp\/v2\/types\/page"}],"author":[{"embeddable":true,"href":"https:\/\/mihkelsaar.ee\/fi\/wp-json\/wp\/v2\/users\/1"}],"replies":[{"embeddable":true,"href":"https:\/\/mihkelsaar.ee\/fi\/wp-json\/wp\/v2\/comments?post=1048"}],"version-history":[{"count":24,"href":"https:\/\/mihkelsaar.ee\/fi\/wp-json\/wp\/v2\/pages\/1048\/revisions"}],"predecessor-version":[{"id":5663,"href":"https:\/\/mihkelsaar.ee\/fi\/wp-json\/wp\/v2\/pages\/1048\/revisions\/5663"}],"wp:attachment":[{"href":"https:\/\/mihkelsaar.ee\/fi\/wp-json\/wp\/v2\/media?parent=1048"}],"curies":[{"name":"wp","href":"https:\/\/api.w.org\/{rel}","templated":true}]}}