{"id":1045,"date":"2020-11-02T13:53:46","date_gmt":"2020-11-02T11:53:46","guid":{"rendered":"https:\/\/mihkelsaar.ee\/?page_id=1045"},"modified":"2025-03-03T21:16:45","modified_gmt":"2025-03-03T19:16:45","slug":"kontseptsioon","status":"publish","type":"page","link":"https:\/\/mihkelsaar.ee\/fi\/kontseptsioon\/","title":{"rendered":"Yrityksest\u00e4"},"content":{"rendered":"<div class=\"wp-block-group\"><div class=\"wp-block-group__inner-container is-layout-flow wp-block-group-is-layout-flow\">\n<div class=\"wp-block-media-text alignwide is-stacked-on-mobile is-image-fill-element\" style=\"grid-template-columns:46% auto\"><figure class=\"wp-block-media-text__media\"><img loading=\"lazy\" decoding=\"async\" width=\"917\" height=\"544\" src=\"https:\/\/mihkelsaar.ee\/wp-content\/uploads\/2022\/12\/Pilt1.jpg\" alt=\"\" class=\"wp-image-4478 size-full\" style=\"object-position:22% 40%\" srcset=\"https:\/\/mihkelsaar.ee\/wp-content\/uploads\/2022\/12\/Pilt1.jpg 917w, https:\/\/mihkelsaar.ee\/wp-content\/uploads\/2022\/12\/Pilt1-300x178.jpg 300w, https:\/\/mihkelsaar.ee\/wp-content\/uploads\/2022\/12\/Pilt1-768x456.jpg 768w, https:\/\/mihkelsaar.ee\/wp-content\/uploads\/2022\/12\/Pilt1-16x9.jpg 16w\" sizes=\"auto, (max-width: 917px) 100vw, 917px\" \/><\/figure><div class=\"wp-block-media-text__content\">\n<p class=\"has-text-align-right\" style=\"font-size:20px\">Mihkel Saar Puukool O\u00dc on virolainen taimitarha, joka on erikoistunut monivuotisten kukkien ja ruusujen viljelyyn ja tukkumyyntiin. Asiakkaitamme ovat virolaiset ja suomalaiset puutarhakeskukset sek\u00e4 rautakauppojen puutarhaosastot, jotka arvostavat ennen kaikkea kasvien korkeaa laatua. Nyky\u00e4\u00e4n meill\u00e4 on 25 vuoden kokemus kasvien kasvattamisesta ja myynnist\u00e4.<\/p>\n<\/div><\/div>\n\n\n\n<p><\/p>\n<\/div><\/div>\n\n\n\n<div class=\"wp-block-columns is-layout-flex wp-container-core-columns-is-layout-28f84493 wp-block-columns-is-layout-flex\">\n<div class=\"wp-block-column is-layout-flow wp-block-column-is-layout-flow\" style=\"flex-basis:100%\">\n<figure class=\"wp-block-image size-large\"><img loading=\"lazy\" decoding=\"async\" width=\"1024\" height=\"586\" src=\"https:\/\/mihkelsaar.ee\/wp-content\/uploads\/2022\/12\/FIN-KONTSEPT.png\" alt=\"\" class=\"wp-image-4473\" srcset=\"https:\/\/mihkelsaar.ee\/wp-content\/uploads\/2022\/12\/FIN-KONTSEPT.png 1634w, https:\/\/mihkelsaar.ee\/wp-content\/uploads\/2022\/12\/FIN-KONTSEPT-300x183.png 300w, https:\/\/mihkelsaar.ee\/wp-content\/uploads\/2022\/12\/FIN-KONTSEPT-1024x624.png 1024w, https:\/\/mihkelsaar.ee\/wp-content\/uploads\/2022\/12\/FIN-KONTSEPT-768x468.png 768w, https:\/\/mihkelsaar.ee\/wp-content\/uploads\/2022\/12\/FIN-KONTSEPT-1536x935.png 1536w, https:\/\/mihkelsaar.ee\/wp-content\/uploads\/2022\/12\/FIN-KONTSEPT-16x10.png 16w, https:\/\/mihkelsaar.ee\/wp-content\/uploads\/2022\/12\/FIN-KONTSEPT-1000x609.png 1000w\" sizes=\"auto, (max-width: 1024px) 100vw, 1024px\" \/><\/figure>\n<\/div>\n<\/div>\n\n\n\n<div class=\"wp-block-columns is-layout-flex wp-container-core-columns-is-layout-28f84493 wp-block-columns-is-layout-flex\">\n<div class=\"wp-block-column is-layout-flow wp-block-column-is-layout-flow\" style=\"flex-basis:100%\">\n<div class=\"wp-block-group\"><div class=\"wp-block-group__inner-container is-layout-flow wp-block-group-is-layout-flow\">\n<div class=\"wp-block-columns is-layout-flex wp-container-core-columns-is-layout-28f84493 wp-block-columns-is-layout-flex\">\n<div class=\"wp-block-column is-vertically-aligned-center is-layout-flow wp-block-column-is-layout-flow\" style=\"flex-basis:100%\">\n<div class=\"wp-block-group\"><div class=\"wp-block-group__inner-container is-layout-flow wp-block-group-is-layout-flow\">\n<p style=\"font-size:20px\">Kaikki taimitarhassamme kasvatetut kasvit on varustettu etiketill\u00e4, joissa on kasvien k\u00e4ytt\u00f6\u00e4 ja huoltoa helpottavat perustiedot:<\/p>\n\n\n\n<figure class=\"wp-block-image\"><img decoding=\"async\" src=\"https:\/\/mihkelsaar.ee\/wp-content\/uploads\/2025\/03\/pikto-fi7009-e1741025873544.png\" alt=\"\" class=\"wp-image-5957\"\/><\/figure>\n<\/div><\/div>\n<\/div>\n<\/div>\n<\/div><\/div>\n<\/div>\n<\/div>\n\n\n\n<figure class=\"wp-block-image size-large\"><img loading=\"lazy\" decoding=\"async\" width=\"1024\" height=\"691\" src=\"https:\/\/mihkelsaar.ee\/wp-content\/uploads\/2025\/03\/seletused_fin-e1741025117691.jpg\" alt=\"\" class=\"wp-image-5880\" sizes=\"auto, (max-width: 1024px) 100vw, 1024px\" \/><figcaption class=\"wp-element-caption\">Tiedosto-konsepti<\/figcaption><\/figure>\n\n\n\n<div class=\"wp-block-columns is-layout-flex wp-container-core-columns-is-layout-28f84493 wp-block-columns-is-layout-flex\">\n<div class=\"wp-block-column is-layout-flow wp-block-column-is-layout-flow\">\n<figure class=\"wp-block-image size-large\"><img loading=\"lazy\" decoding=\"async\" width=\"1024\" height=\"687\" src=\"https:\/\/mihkelsaar.ee\/wp-content\/uploads\/2022\/12\/FIN-p12-etiketid.png\" alt=\"Kontseptsioon\" class=\"wp-image-4469\" srcset=\"https:\/\/mihkelsaar.ee\/wp-content\/uploads\/2022\/12\/FIN-p12-etiketid.png 1665w, https:\/\/mihkelsaar.ee\/wp-content\/uploads\/2022\/12\/FIN-p12-etiketid-300x206.png 300w, https:\/\/mihkelsaar.ee\/wp-content\/uploads\/2022\/12\/FIN-p12-etiketid-1024x702.png 1024w, https:\/\/mihkelsaar.ee\/wp-content\/uploads\/2022\/12\/FIN-p12-etiketid-768x527.png 768w, https:\/\/mihkelsaar.ee\/wp-content\/uploads\/2022\/12\/FIN-p12-etiketid-1536x1054.png 1536w, https:\/\/mihkelsaar.ee\/wp-content\/uploads\/2022\/12\/FIN-p12-etiketid-16x12.png 16w, https:\/\/mihkelsaar.ee\/wp-content\/uploads\/2022\/12\/FIN-p12-etiketid-1000x686.png 1000w\" sizes=\"auto, (max-width: 1024px) 100vw, 1024px\" \/><\/figure>\n<\/div>\n<\/div>\n\n\n\n<p><\/p>","protected":false},"excerpt":{"rendered":"<p>Mihkel Saar Puukool O\u00dc on Eesti puukool, mis on spetsialiseerunud p\u00fcsilillede ja rooside kasvatamisele ja hulgim\u00fc\u00fcgile. Meie klientideks on Eesti ja Soome aianduskeskused ning &nbsp;ehituspoodide aiaosakonnad, kes hindavad eelk\u00f5ige taimede k\u00f5rget kvaliteeti. T\u00e4naseks on meil taimede kasvatamise ja m\u00fc\u00fcmisega 25 aastat kogemust. K\u00f5ik meie puukoolis kasvatatud taimed on varustatud ilmastikukindlate fotoetikettidega, millel on kirjas taime [&hellip;]<\/p>\n","protected":false},"author":1,"featured_media":0,"parent":0,"menu_order":0,"comment_status":"closed","ping_status":"closed","template":"","meta":{"footnotes":""},"class_list":["post-1045","page","type-page","status-publish","hentry"],"_links":{"self":[{"href":"https:\/\/mihkelsaar.ee\/fi\/wp-json\/wp\/v2\/pages\/1045","targetHints":{"allow":["GET"]}}],"collection":[{"href":"https:\/\/mihkelsaar.ee\/fi\/wp-json\/wp\/v2\/pages"}],"about":[{"href":"https:\/\/mihkelsaar.ee\/fi\/wp-json\/wp\/v2\/types\/page"}],"author":[{"embeddable":true,"href":"https:\/\/mihkelsaar.ee\/fi\/wp-json\/wp\/v2\/users\/1"}],"replies":[{"embeddable":true,"href":"https:\/\/mihkelsaar.ee\/fi\/wp-json\/wp\/v2\/comments?post=1045"}],"version-history":[{"count":76,"href":"https:\/\/mihkelsaar.ee\/fi\/wp-json\/wp\/v2\/pages\/1045\/revisions"}],"predecessor-version":[{"id":5968,"href":"https:\/\/mihkelsaar.ee\/fi\/wp-json\/wp\/v2\/pages\/1045\/revisions\/5968"}],"wp:attachment":[{"href":"https:\/\/mihkelsaar.ee\/fi\/wp-json\/wp\/v2\/media?parent=1045"}],"curies":[{"name":"wp","href":"https:\/\/api.w.org\/{rel}","templated":true}]}}